{"id":30168,"date":"2022-06-15T06:23:21","date_gmt":"2022-06-15T06:23:21","guid":{"rendered":"https:\/\/refactor-second-attempt.torseed.dev.greenparrot.pl\/produkt\/salata-lisciowa-do-uprawy-w-polu-lollo-rossa\/"},"modified":"2023-03-29T18:16:03","modified_gmt":"2023-03-29T18:16:03","slug":"salata-lisciowa-do-uprawy-w-polu-lollo-rossa","status":"publish","type":"product","link":"https:\/\/torseed.eu\/en\/produkt\/salata-lisciowa-do-uprawy-w-polu-lollo-rossa\/","title":{"rendered":"Sa\u0142ata li\u015bciowa (do uprawy w polu) Lollo Rossa"},"content":{"rendered":"<p>Odmiana przeznaczona do wczesnej uprawy w tunelu nieogrzewanym oraz w polu. Tworzy p\u00f3\u0142kuliste g\u0142\u00f3wki z fryzowanymi, strz\u0119piastymi li\u015b\u0107mi.<\/p>","protected":false},"excerpt":{"rendered":"<p>Odmiana przeznaczona do wczesnej uprawy w tunelu nieogrzewanym oraz w polu. Tworzy p\u00f3\u0142kuliste g\u0142\u00f3wki z fryzowanymi, strz\u0119piastymi li\u015b\u0107mi.<\/p>\n","protected":false},"featured_media":27134,"comment_status":"open","ping_status":"closed","template":"","meta":{"inline_featured_image":false},"product_cat":[107,117],"product_tag":[],"acf":[],"featured_image":"https:\/\/torseed.eu\/app\/uploads\/2023\/03\/7214.jpg","_links":{"self":[{"href":"https:\/\/torseed.eu\/en\/wp-json\/wp\/v2\/product\/30168"}],"collection":[{"href":"https:\/\/torseed.eu\/en\/wp-json\/wp\/v2\/product"}],"about":[{"href":"https:\/\/torseed.eu\/en\/wp-json\/wp\/v2\/types\/product"}],"replies":[{"embeddable":true,"href":"https:\/\/torseed.eu\/en\/wp-json\/wp\/v2\/comments?post=30168"}],"version-history":[{"count":0,"href":"https:\/\/torseed.eu\/en\/wp-json\/wp\/v2\/product\/30168\/revisions"}],"wp:featuredmedia":[{"embeddable":true,"href":"https:\/\/torseed.eu\/en\/wp-json\/wp\/v2\/media\/27134"}],"wp:attachment":[{"href":"https:\/\/torseed.eu\/en\/wp-json\/wp\/v2\/media?parent=30168"}],"wp:term":[{"taxonomy":"product_cat","embeddable":true,"href":"https:\/\/torseed.eu\/en\/wp-json\/wp\/v2\/product_cat?post=30168"},{"taxonomy":"product_tag","embeddable":true,"href":"https:\/\/torseed.eu\/en\/wp-json\/wp\/v2\/product_tag?post=30168"}],"curies":[{"name":"wp","href":"https:\/\/api.w.org\/{rel}","templated":true}]}}