{"id":30172,"date":"2022-06-15T06:23:18","date_gmt":"2022-06-15T06:23:18","guid":{"rendered":"https:\/\/refactor-second-attempt.torseed.dev.greenparrot.pl\/produkt\/salata-glow-krucha-do-upr-w-tunelu-i-w-polu-kumak-nano-gro\/"},"modified":"2023-03-29T18:16:06","modified_gmt":"2023-03-29T18:16:06","slug":"salata-glow-krucha-do-upr-w-tunelu-i-w-polu-kumak-nano-gro","status":"publish","type":"product","link":"https:\/\/torseed.eu\/en\/produkt\/salata-glow-krucha-do-upr-w-tunelu-i-w-polu-kumak-nano-gro\/","title":{"rendered":"Sa\u0142ata g\u0142ow krucha (do upr.w tunelu i w polu) Kumak NANO-GRO"},"content":{"rendered":"<p>Odmiana przeznaczona  do uprawy pod os\u0142onami nieogrzewanymi oraz gruncie. G\u0142\u00f3wki \u015brednio- zwarte, zamkni\u0119te o barwie zielonej do jasnozielonej i ma\u0142ej sk\u0142onno\u015bci do wybijania w p\u0119dy kwiatostanowe. Odmiana o wyj\u0105tkowym smaku i konsystencji li\u015bci.<\/p>","protected":false},"excerpt":{"rendered":"<p>Odmiana przeznaczona do uprawy pod os\u0142onami nieogrzewanymi oraz gruncie. G\u0142\u00f3wki \u015brednio- zwarte, zamkni\u0119te o barwie zielonej do jasnozielonej i ma\u0142ej sk\u0142onno\u015bci do wybijania w p\u0119dy kwiatostanowe. Odmiana o wyj\u0105tkowym smaku i konsystencji li\u015bci.<\/p>\n","protected":false},"featured_media":17849,"comment_status":"open","ping_status":"open","template":"","meta":{"inline_featured_image":false},"product_cat":[107,111],"product_tag":[],"acf":[],"featured_image":"https:\/\/torseed.eu\/app\/uploads\/2023\/03\/4704.jpg","_links":{"self":[{"href":"https:\/\/torseed.eu\/en\/wp-json\/wp\/v2\/product\/30172"}],"collection":[{"href":"https:\/\/torseed.eu\/en\/wp-json\/wp\/v2\/product"}],"about":[{"href":"https:\/\/torseed.eu\/en\/wp-json\/wp\/v2\/types\/product"}],"replies":[{"embeddable":true,"href":"https:\/\/torseed.eu\/en\/wp-json\/wp\/v2\/comments?post=30172"}],"version-history":[{"count":0,"href":"https:\/\/torseed.eu\/en\/wp-json\/wp\/v2\/product\/30172\/revisions"}],"wp:featuredmedia":[{"embeddable":true,"href":"https:\/\/torseed.eu\/en\/wp-json\/wp\/v2\/media\/17849"}],"wp:attachment":[{"href":"https:\/\/torseed.eu\/en\/wp-json\/wp\/v2\/media?parent=30172"}],"wp:term":[{"taxonomy":"product_cat","embeddable":true,"href":"https:\/\/torseed.eu\/en\/wp-json\/wp\/v2\/product_cat?post=30172"},{"taxonomy":"product_tag","embeddable":true,"href":"https:\/\/torseed.eu\/en\/wp-json\/wp\/v2\/product_tag?post=30172"}],"curies":[{"name":"wp","href":"https:\/\/api.w.org\/{rel}","templated":true}]}}