{"id":30183,"date":"2022-06-15T06:23:04","date_gmt":"2022-06-15T06:23:04","guid":{"rendered":"https:\/\/refactor-second-attempt.torseed.dev.greenparrot.pl\/produkt\/salata-glow-masl-do-upr-w-tun-i-w-polu-mira\/"},"modified":"2023-03-29T18:16:17","modified_gmt":"2023-03-29T18:16:17","slug":"salata-glow-masl-do-upr-w-tun-i-w-polu-mira","status":"publish","type":"product","link":"https:\/\/torseed.eu\/en\/produkt\/salata-glow-masl-do-upr-w-tun-i-w-polu-mira\/","title":{"rendered":"Sa\u0142ata g\u0142ow.mas\u0142.(do upr.w tun.i w polu) Mira"},"content":{"rendered":"<p>Odmiana przeznaczona do wczesnej uprawy w polu. G\u0142\u00f3wki o masie 350-400 g, kuliste, \u015bcis\u0142e, li\u015bcie o wysokich walorach smakowych.<\/p>","protected":false},"excerpt":{"rendered":"<p>Odmiana przeznaczona do wczesnej uprawy w polu. G\u0142\u00f3wki o masie 350-400 g, kuliste, \u015bcis\u0142e, li\u015bcie o wysokich walorach smakowych.<\/p>\n","protected":false},"featured_media":17816,"comment_status":"open","ping_status":"open","template":"","meta":{"inline_featured_image":false},"product_cat":[107,117],"product_tag":[],"acf":[],"featured_image":"https:\/\/torseed.eu\/app\/uploads\/2023\/03\/8319.jpg","_links":{"self":[{"href":"https:\/\/torseed.eu\/en\/wp-json\/wp\/v2\/product\/30183"}],"collection":[{"href":"https:\/\/torseed.eu\/en\/wp-json\/wp\/v2\/product"}],"about":[{"href":"https:\/\/torseed.eu\/en\/wp-json\/wp\/v2\/types\/product"}],"replies":[{"embeddable":true,"href":"https:\/\/torseed.eu\/en\/wp-json\/wp\/v2\/comments?post=30183"}],"version-history":[{"count":0,"href":"https:\/\/torseed.eu\/en\/wp-json\/wp\/v2\/product\/30183\/revisions"}],"wp:featuredmedia":[{"embeddable":true,"href":"https:\/\/torseed.eu\/en\/wp-json\/wp\/v2\/media\/17816"}],"wp:attachment":[{"href":"https:\/\/torseed.eu\/en\/wp-json\/wp\/v2\/media?parent=30183"}],"wp:term":[{"taxonomy":"product_cat","embeddable":true,"href":"https:\/\/torseed.eu\/en\/wp-json\/wp\/v2\/product_cat?post=30183"},{"taxonomy":"product_tag","embeddable":true,"href":"https:\/\/torseed.eu\/en\/wp-json\/wp\/v2\/product_tag?post=30183"}],"curies":[{"name":"wp","href":"https:\/\/api.w.org\/{rel}","templated":true}]}}