{"id":30190,"date":"2022-06-15T06:22:53","date_gmt":"2022-06-15T06:22:53","guid":{"rendered":"https:\/\/refactor-second-attempt.torseed.dev.greenparrot.pl\/produkt\/salata-szklarniowa-atena\/"},"modified":"2023-03-29T18:16:36","modified_gmt":"2023-03-29T18:16:36","slug":"salata-szklarniowa-atena","status":"publish","type":"product","link":"https:\/\/torseed.eu\/en\/produkt\/salata-szklarniowa-atena\/","title":{"rendered":"Sa\u0142ata szklarniowa Atena"},"content":{"rendered":"<p>G\u0142owiasta sa\u0142ata do uprawy na zbi\u00f3r jesienny, zimowy i wczesnowiosenny. Uprawa wy\u0142\u0105cznie z rozsady pikowanej. Odmiana odporna na kilka ras m\u0105czniaka rzekomego.<\/p>","protected":false},"excerpt":{"rendered":"<p>G\u0142owiasta sa\u0142ata do uprawy na zbi\u00f3r jesienny, zimowy i wczesnowiosenny. Uprawa wy\u0142\u0105cznie z rozsady pikowanej. Odmiana odporna na kilka ras m\u0105czniaka rzekomego.<\/p>\n","protected":false},"featured_media":17792,"comment_status":"open","ping_status":"open","template":"","meta":{"inline_featured_image":false},"product_cat":[107,117],"product_tag":[],"acf":[],"featured_image":"https:\/\/torseed.eu\/app\/uploads\/2023\/03\/483.jpg","_links":{"self":[{"href":"https:\/\/torseed.eu\/en\/wp-json\/wp\/v2\/product\/30190"}],"collection":[{"href":"https:\/\/torseed.eu\/en\/wp-json\/wp\/v2\/product"}],"about":[{"href":"https:\/\/torseed.eu\/en\/wp-json\/wp\/v2\/types\/product"}],"replies":[{"embeddable":true,"href":"https:\/\/torseed.eu\/en\/wp-json\/wp\/v2\/comments?post=30190"}],"version-history":[{"count":0,"href":"https:\/\/torseed.eu\/en\/wp-json\/wp\/v2\/product\/30190\/revisions"}],"wp:featuredmedia":[{"embeddable":true,"href":"https:\/\/torseed.eu\/en\/wp-json\/wp\/v2\/media\/17792"}],"wp:attachment":[{"href":"https:\/\/torseed.eu\/en\/wp-json\/wp\/v2\/media?parent=30190"}],"wp:term":[{"taxonomy":"product_cat","embeddable":true,"href":"https:\/\/torseed.eu\/en\/wp-json\/wp\/v2\/product_cat?post=30190"},{"taxonomy":"product_tag","embeddable":true,"href":"https:\/\/torseed.eu\/en\/wp-json\/wp\/v2\/product_tag?post=30190"}],"curies":[{"name":"wp","href":"https:\/\/api.w.org\/{rel}","templated":true}]}}