{"id":30191,"date":"2022-06-15T06:22:53","date_gmt":"2022-06-15T06:22:53","guid":{"rendered":"https:\/\/refactor-second-attempt.torseed.dev.greenparrot.pl\/produkt\/salata-glow-masl-do-upr-w-tun-i-w-polu-bona\/"},"modified":"2023-07-07T07:35:26","modified_gmt":"2023-07-07T06:35:26","slug":"salata-glow-masl-do-upr-w-tun-i-w-polu-bona","status":"publish","type":"product","link":"https:\/\/torseed.eu\/en\/produkt\/salata-glow-masl-do-upr-w-tun-i-w-polu-bona\/","title":{"rendered":"Sa\u0142ata g\u0142ow.mas\u0142.(do upr.w tun.i w polu) Bona"},"content":{"rendered":"\r\n<p>Odmiana do wczesnowiosennej uprawy pod os\u0142onami i ca\u0142orocznej w polu. Okres wegetacji od posadzenia rozsady wynosi 45-60 dni. G\u0142\u00f3wki zwi\u0119z\u0142e o \u015bredniej masie 350-450 g. Odmian odporna na niekorzystne warunki atmosferyczne.<\/p>\r\n","protected":false},"excerpt":{"rendered":"<p>Odmiana do wczesnowiosennej uprawy pod os\u0142onami i ca\u0142orocznej w polu. Okres wegetacji od posadzenia rozsady wynosi 45-60 dni. G\u0142\u00f3wki zwi\u0119z\u0142e o \u015bredniej masie 350-450 g. Odmian odporna na niekorzystne warunki atmosferyczne.<\/p>\n","protected":false},"featured_media":27024,"comment_status":"open","ping_status":"closed","template":"","meta":{"inline_featured_image":false},"product_cat":[107,117],"product_tag":[],"acf":[],"featured_image":"https:\/\/torseed.eu\/app\/uploads\/2023\/03\/9595.jpg","_links":{"self":[{"href":"https:\/\/torseed.eu\/en\/wp-json\/wp\/v2\/product\/30191"}],"collection":[{"href":"https:\/\/torseed.eu\/en\/wp-json\/wp\/v2\/product"}],"about":[{"href":"https:\/\/torseed.eu\/en\/wp-json\/wp\/v2\/types\/product"}],"replies":[{"embeddable":true,"href":"https:\/\/torseed.eu\/en\/wp-json\/wp\/v2\/comments?post=30191"}],"version-history":[{"count":1,"href":"https:\/\/torseed.eu\/en\/wp-json\/wp\/v2\/product\/30191\/revisions"}],"predecessor-version":[{"id":38919,"href":"https:\/\/torseed.eu\/en\/wp-json\/wp\/v2\/product\/30191\/revisions\/38919"}],"wp:featuredmedia":[{"embeddable":true,"href":"https:\/\/torseed.eu\/en\/wp-json\/wp\/v2\/media\/27024"}],"wp:attachment":[{"href":"https:\/\/torseed.eu\/en\/wp-json\/wp\/v2\/media?parent=30191"}],"wp:term":[{"taxonomy":"product_cat","embeddable":true,"href":"https:\/\/torseed.eu\/en\/wp-json\/wp\/v2\/product_cat?post=30191"},{"taxonomy":"product_tag","embeddable":true,"href":"https:\/\/torseed.eu\/en\/wp-json\/wp\/v2\/product_tag?post=30191"}],"curies":[{"name":"wp","href":"https:\/\/api.w.org\/{rel}","templated":true}]}}