{"id":30197,"date":"2022-06-15T06:22:43","date_gmt":"2022-06-15T06:22:43","guid":{"rendered":"https:\/\/refactor-second-attempt.torseed.dev.greenparrot.pl\/produkt\/rzodkiewka-do-uprawy-w-polu-zlata\/"},"modified":"2023-03-29T18:16:42","modified_gmt":"2023-03-29T18:16:42","slug":"rzodkiewka-do-uprawy-w-polu-zlata","status":"publish","type":"product","link":"https:\/\/torseed.eu\/en\/produkt\/rzodkiewka-do-uprawy-w-polu-zlata\/","title":{"rendered":"Rzodkiewka (do uprawy w polu) Zlata"},"content":{"rendered":"<p>Odmiana przeznaczona do uprawy w polu i pod foli\u0105. Mo\u017ce by\u0107 uprawiana jako przedplon lub poplon. Mi\u0105\u017csz bia\u0142y, soczysty, delikatny.<\/p>","protected":false},"excerpt":{"rendered":"<p>Odmiana przeznaczona do uprawy w polu i pod foli\u0105. Mo\u017ce by\u0107 uprawiana jako przedplon lub poplon. Mi\u0105\u017csz bia\u0142y, soczysty, delikatny.<\/p>\n","protected":false},"featured_media":17777,"comment_status":"open","ping_status":"open","template":"","meta":{"inline_featured_image":false},"product_cat":[107,117],"product_tag":[],"acf":[],"featured_image":"https:\/\/torseed.eu\/app\/uploads\/2023\/03\/479.jpg","_links":{"self":[{"href":"https:\/\/torseed.eu\/en\/wp-json\/wp\/v2\/product\/30197"}],"collection":[{"href":"https:\/\/torseed.eu\/en\/wp-json\/wp\/v2\/product"}],"about":[{"href":"https:\/\/torseed.eu\/en\/wp-json\/wp\/v2\/types\/product"}],"replies":[{"embeddable":true,"href":"https:\/\/torseed.eu\/en\/wp-json\/wp\/v2\/comments?post=30197"}],"version-history":[{"count":0,"href":"https:\/\/torseed.eu\/en\/wp-json\/wp\/v2\/product\/30197\/revisions"}],"wp:featuredmedia":[{"embeddable":true,"href":"https:\/\/torseed.eu\/en\/wp-json\/wp\/v2\/media\/17777"}],"wp:attachment":[{"href":"https:\/\/torseed.eu\/en\/wp-json\/wp\/v2\/media?parent=30197"}],"wp:term":[{"taxonomy":"product_cat","embeddable":true,"href":"https:\/\/torseed.eu\/en\/wp-json\/wp\/v2\/product_cat?post=30197"},{"taxonomy":"product_tag","embeddable":true,"href":"https:\/\/torseed.eu\/en\/wp-json\/wp\/v2\/product_tag?post=30197"}],"curies":[{"name":"wp","href":"https:\/\/api.w.org\/{rel}","templated":true}]}}