{"id":30202,"date":"2022-06-15T06:22:38","date_gmt":"2022-06-15T06:22:38","guid":{"rendered":"https:\/\/refactor-second-attempt.torseed.dev.greenparrot.pl\/produkt\/rzodkiewka-do-uprawy-w-polu-afrodyta\/"},"modified":"2023-03-29T18:16:47","modified_gmt":"2023-03-29T18:16:47","slug":"rzodkiewka-do-uprawy-w-polu-afrodyta","status":"publish","type":"product","link":"https:\/\/torseed.eu\/en\/produkt\/rzodkiewka-do-uprawy-w-polu-afrodyta\/","title":{"rendered":"Rzodkiewka (do uprawy w polu) Afrodyta"},"content":{"rendered":"<p>Odmiana plenna przeznaczona do zbioru wiosn\u0105 (tunel, pole) oraz jesieni\u0105 w polu. Tworzy wyr\u00f3wnane okr\u0105g\u0142e zgrubienia o bia\u0142ej, b\u0142yszcz\u0105cej i g\u0142adkiej sk\u00f3rce. Wykazuje wysok\u0105 odporno\u015b\u0107 na parcenie.<\/p>","protected":false},"excerpt":{"rendered":"<p>Odmiana plenna przeznaczona do zbioru wiosn\u0105 (tunel, pole) oraz jesieni\u0105 w polu. Tworzy wyr\u00f3wnane okr\u0105g\u0142e zgrubienia o bia\u0142ej, b\u0142yszcz\u0105cej i g\u0142adkiej sk\u00f3rce. Wykazuje wysok\u0105 odporno\u015b\u0107 na parcenie.<\/p>\n","protected":false},"featured_media":17756,"comment_status":"open","ping_status":"open","template":"","meta":{"inline_featured_image":false},"product_cat":[107,117],"product_tag":[],"acf":[],"featured_image":"https:\/\/torseed.eu\/app\/uploads\/2023\/03\/9047.jpg","_links":{"self":[{"href":"https:\/\/torseed.eu\/en\/wp-json\/wp\/v2\/product\/30202"}],"collection":[{"href":"https:\/\/torseed.eu\/en\/wp-json\/wp\/v2\/product"}],"about":[{"href":"https:\/\/torseed.eu\/en\/wp-json\/wp\/v2\/types\/product"}],"replies":[{"embeddable":true,"href":"https:\/\/torseed.eu\/en\/wp-json\/wp\/v2\/comments?post=30202"}],"version-history":[{"count":0,"href":"https:\/\/torseed.eu\/en\/wp-json\/wp\/v2\/product\/30202\/revisions"}],"wp:featuredmedia":[{"embeddable":true,"href":"https:\/\/torseed.eu\/en\/wp-json\/wp\/v2\/media\/17756"}],"wp:attachment":[{"href":"https:\/\/torseed.eu\/en\/wp-json\/wp\/v2\/media?parent=30202"}],"wp:term":[{"taxonomy":"product_cat","embeddable":true,"href":"https:\/\/torseed.eu\/en\/wp-json\/wp\/v2\/product_cat?post=30202"},{"taxonomy":"product_tag","embeddable":true,"href":"https:\/\/torseed.eu\/en\/wp-json\/wp\/v2\/product_tag?post=30202"}],"curies":[{"name":"wp","href":"https:\/\/api.w.org\/{rel}","templated":true}]}}