{"id":30209,"date":"2022-06-15T06:22:28","date_gmt":"2022-06-15T06:22:28","guid":{"rendered":"https:\/\/refactor-second-attempt.torseed.dev.greenparrot.pl\/produkt\/rzodkiewka-do-upr-pod-osl-i-w-polu-opolanka-tasma\/"},"modified":"2023-03-29T18:17:06","modified_gmt":"2023-03-29T18:17:06","slug":"rzodkiewka-do-upr-pod-osl-i-w-polu-opolanka-tasma","status":"publish","type":"product","link":"https:\/\/torseed.eu\/en\/produkt\/rzodkiewka-do-upr-pod-osl-i-w-polu-opolanka-tasma\/","title":{"rendered":"Rzodkiewka (do upr.pod os\u0142.i w polu) Opolanka TA\u015aMA"},"content":{"rendered":"<p>Odmiana wczesna, przeznaczona du uprawy w polu i pod os\u0142onami w okresie wiosennym i jesiennym. Okres wegetacji ok. 21 dni.<\/p>","protected":false},"excerpt":{"rendered":"<p>Odmiana wczesna, przeznaczona du uprawy w polu i pod os\u0142onami w okresie wiosennym i jesiennym. Okres wegetacji ok. 21 dni.<\/p>\n","protected":false},"featured_media":17738,"comment_status":"open","ping_status":"open","template":"","meta":{"inline_featured_image":false},"product_cat":[107,113],"product_tag":[],"acf":[],"featured_image":"https:\/\/torseed.eu\/app\/uploads\/2023\/03\/2189.jpg","_links":{"self":[{"href":"https:\/\/torseed.eu\/en\/wp-json\/wp\/v2\/product\/30209"}],"collection":[{"href":"https:\/\/torseed.eu\/en\/wp-json\/wp\/v2\/product"}],"about":[{"href":"https:\/\/torseed.eu\/en\/wp-json\/wp\/v2\/types\/product"}],"replies":[{"embeddable":true,"href":"https:\/\/torseed.eu\/en\/wp-json\/wp\/v2\/comments?post=30209"}],"version-history":[{"count":0,"href":"https:\/\/torseed.eu\/en\/wp-json\/wp\/v2\/product\/30209\/revisions"}],"wp:featuredmedia":[{"embeddable":true,"href":"https:\/\/torseed.eu\/en\/wp-json\/wp\/v2\/media\/17738"}],"wp:attachment":[{"href":"https:\/\/torseed.eu\/en\/wp-json\/wp\/v2\/media?parent=30209"}],"wp:term":[{"taxonomy":"product_cat","embeddable":true,"href":"https:\/\/torseed.eu\/en\/wp-json\/wp\/v2\/product_cat?post=30209"},{"taxonomy":"product_tag","embeddable":true,"href":"https:\/\/torseed.eu\/en\/wp-json\/wp\/v2\/product_tag?post=30209"}],"curies":[{"name":"wp","href":"https:\/\/api.w.org\/{rel}","templated":true}]}}