{"id":30213,"date":"2022-06-15T06:22:25","date_gmt":"2022-06-15T06:22:25","guid":{"rendered":"https:\/\/refactor-second-attempt.torseed.dev.greenparrot.pl\/produkt\/rzodkiewka-do-upr-pod-osl-i-w-polu-krasa-nano-gro\/"},"modified":"2023-03-29T18:17:09","modified_gmt":"2023-03-29T18:17:09","slug":"rzodkiewka-do-upr-pod-osl-i-w-polu-krasa-nano-gro","status":"publish","type":"product","link":"https:\/\/torseed.eu\/en\/produkt\/rzodkiewka-do-upr-pod-osl-i-w-polu-krasa-nano-gro\/","title":{"rendered":"Rzodkiewka (do upr.pod os\u0142.i w polu) Krasa NANO-GRO"},"content":{"rendered":"<p>Odmiana \u015bredniowczesna do wiosennej uprawy pod os\u0142onami i w polu. Mi\u0105\u017csz szklistobia\u0142y o \u0142agodnym smaku. Zgrubienie odporne na parcenie.<\/p>","protected":false},"excerpt":{"rendered":"<p>Odmiana \u015bredniowczesna do wiosennej uprawy pod os\u0142onami i w polu. Mi\u0105\u017csz szklistobia\u0142y o \u0142agodnym smaku. Zgrubienie odporne na parcenie.<\/p>\n","protected":false},"featured_media":17729,"comment_status":"open","ping_status":"open","template":"","meta":{"inline_featured_image":false},"product_cat":[107,111],"product_tag":[],"acf":[],"featured_image":"https:\/\/torseed.eu\/app\/uploads\/2023\/03\/2206.jpg","_links":{"self":[{"href":"https:\/\/torseed.eu\/en\/wp-json\/wp\/v2\/product\/30213"}],"collection":[{"href":"https:\/\/torseed.eu\/en\/wp-json\/wp\/v2\/product"}],"about":[{"href":"https:\/\/torseed.eu\/en\/wp-json\/wp\/v2\/types\/product"}],"replies":[{"embeddable":true,"href":"https:\/\/torseed.eu\/en\/wp-json\/wp\/v2\/comments?post=30213"}],"version-history":[{"count":0,"href":"https:\/\/torseed.eu\/en\/wp-json\/wp\/v2\/product\/30213\/revisions"}],"wp:featuredmedia":[{"embeddable":true,"href":"https:\/\/torseed.eu\/en\/wp-json\/wp\/v2\/media\/17729"}],"wp:attachment":[{"href":"https:\/\/torseed.eu\/en\/wp-json\/wp\/v2\/media?parent=30213"}],"wp:term":[{"taxonomy":"product_cat","embeddable":true,"href":"https:\/\/torseed.eu\/en\/wp-json\/wp\/v2\/product_cat?post=30213"},{"taxonomy":"product_tag","embeddable":true,"href":"https:\/\/torseed.eu\/en\/wp-json\/wp\/v2\/product_tag?post=30213"}],"curies":[{"name":"wp","href":"https:\/\/api.w.org\/{rel}","templated":true}]}}