{"id":30254,"date":"2022-06-15T06:21:32","date_gmt":"2022-06-15T06:21:32","guid":{"rendered":"https:\/\/refactor-second-attempt.torseed.dev.greenparrot.pl\/produkt\/pomidor-wysoki-pod-oslony-i-do-gruntu-jantar-nano-gro\/"},"modified":"2023-03-29T18:18:15","modified_gmt":"2023-03-29T18:18:15","slug":"pomidor-wysoki-pod-oslony-i-do-gruntu-jantar-nano-gro","status":"publish","type":"product","link":"https:\/\/torseed.eu\/en\/produkt\/pomidor-wysoki-pod-oslony-i-do-gruntu-jantar-nano-gro\/","title":{"rendered":"Pomidor wysoki (pod os\u0142ony i do gruntu) Jantar NANO-GRO"},"content":{"rendered":"<p>Odmiana wczesna, amatorska do uprawy w tunelu foliowym przy podporach i w polu przy palikach. Owoc \u017c\u00f3\u0142topomara\u0144czowy, bardzo du\u017cy, mi\u0119sisty, o wyj\u0105tkowym smaku i aromacie.<\/p>","protected":false},"excerpt":{"rendered":"<p>Odmiana wczesna, amatorska do uprawy w tunelu foliowym przy podporach i w polu przy palikach. Owoc \u017c\u00f3\u0142topomara\u0144czowy, bardzo du\u017cy, mi\u0119sisty, o wyj\u0105tkowym smaku i aromacie.<\/p>\n","protected":false},"featured_media":26704,"comment_status":"open","ping_status":"closed","template":"","meta":{"inline_featured_image":false},"product_cat":[107,111],"product_tag":[],"acf":[],"featured_image":"https:\/\/torseed.eu\/app\/uploads\/2023\/03\/2204.jpg","_links":{"self":[{"href":"https:\/\/torseed.eu\/en\/wp-json\/wp\/v2\/product\/30254"}],"collection":[{"href":"https:\/\/torseed.eu\/en\/wp-json\/wp\/v2\/product"}],"about":[{"href":"https:\/\/torseed.eu\/en\/wp-json\/wp\/v2\/types\/product"}],"replies":[{"embeddable":true,"href":"https:\/\/torseed.eu\/en\/wp-json\/wp\/v2\/comments?post=30254"}],"version-history":[{"count":0,"href":"https:\/\/torseed.eu\/en\/wp-json\/wp\/v2\/product\/30254\/revisions"}],"wp:featuredmedia":[{"embeddable":true,"href":"https:\/\/torseed.eu\/en\/wp-json\/wp\/v2\/media\/26704"}],"wp:attachment":[{"href":"https:\/\/torseed.eu\/en\/wp-json\/wp\/v2\/media?parent=30254"}],"wp:term":[{"taxonomy":"product_cat","embeddable":true,"href":"https:\/\/torseed.eu\/en\/wp-json\/wp\/v2\/product_cat?post=30254"},{"taxonomy":"product_tag","embeddable":true,"href":"https:\/\/torseed.eu\/en\/wp-json\/wp\/v2\/product_tag?post=30254"}],"curies":[{"name":"wp","href":"https:\/\/api.w.org\/{rel}","templated":true}]}}