{"id":30266,"date":"2022-06-15T06:21:12","date_gmt":"2022-06-15T06:21:12","guid":{"rendered":"https:\/\/refactor-second-attempt.torseed.dev.greenparrot.pl\/produkt\/pomidor-grunt-karl-wiotkolod-malinowy-rodeo-nano-gro\/"},"modified":"2023-03-29T18:18:39","modified_gmt":"2023-03-29T18:18:39","slug":"pomidor-grunt-karl-wiotkolod-malinowy-rodeo-nano-gro","status":"publish","type":"product","link":"https:\/\/torseed.eu\/en\/produkt\/pomidor-grunt-karl-wiotkolod-malinowy-rodeo-nano-gro\/","title":{"rendered":"Pomidor grunt.(kar\u0142.wiotko\u0142od.) Malinowy Rodeo NANO-GRO"},"content":{"rendered":"<p>Odmiana amatorska, \u015bredniowczesna do uprawy w polu oraz pod niskimi os\u0142onami. Ro\u015bliny samoko\u0144cz\u0105ce nie wymagaj\u0105ce ci\u0119cia i palikowania. Owoce bardzo du\u017ce kszta\u0142tu secowatego barwy malinowej bez pi\u0119tki, o wyj\u0105tkowym smaku, przeznaczone do bezpo\u015bredniego spo\u017cycia i na soki.<\/p>","protected":false},"excerpt":{"rendered":"<p>Odmiana amatorska, \u015bredniowczesna do uprawy w polu oraz pod niskimi os\u0142onami. Ro\u015bliny samoko\u0144cz\u0105ce nie wymagaj\u0105ce ci\u0119cia i palikowania. Owoce bardzo du\u017ce kszta\u0142tu secowatego barwy malinowej bez pi\u0119tki, o wyj\u0105tkowym smaku, przeznaczone do bezpo\u015bredniego spo\u017cycia i na soki.<\/p>\n","protected":false},"featured_media":26644,"comment_status":"open","ping_status":"closed","template":"","meta":{"inline_featured_image":false},"product_cat":[107,111],"product_tag":[],"acf":[],"featured_image":"https:\/\/torseed.eu\/app\/uploads\/2023\/03\/2205.jpg","_links":{"self":[{"href":"https:\/\/torseed.eu\/en\/wp-json\/wp\/v2\/product\/30266"}],"collection":[{"href":"https:\/\/torseed.eu\/en\/wp-json\/wp\/v2\/product"}],"about":[{"href":"https:\/\/torseed.eu\/en\/wp-json\/wp\/v2\/types\/product"}],"replies":[{"embeddable":true,"href":"https:\/\/torseed.eu\/en\/wp-json\/wp\/v2\/comments?post=30266"}],"version-history":[{"count":0,"href":"https:\/\/torseed.eu\/en\/wp-json\/wp\/v2\/product\/30266\/revisions"}],"wp:featuredmedia":[{"embeddable":true,"href":"https:\/\/torseed.eu\/en\/wp-json\/wp\/v2\/media\/26644"}],"wp:attachment":[{"href":"https:\/\/torseed.eu\/en\/wp-json\/wp\/v2\/media?parent=30266"}],"wp:term":[{"taxonomy":"product_cat","embeddable":true,"href":"https:\/\/torseed.eu\/en\/wp-json\/wp\/v2\/product_cat?post=30266"},{"taxonomy":"product_tag","embeddable":true,"href":"https:\/\/torseed.eu\/en\/wp-json\/wp\/v2\/product_tag?post=30266"}],"curies":[{"name":"wp","href":"https:\/\/api.w.org\/{rel}","templated":true}]}}