{"id":30280,"date":"2022-06-15T06:20:56","date_gmt":"2022-06-15T06:20:56","guid":{"rendered":"https:\/\/refactor-second-attempt.torseed.dev.greenparrot.pl\/produkt\/pietruszka-korzeniowa-halblange-berlinska-tor-tasma\/"},"modified":"2023-03-29T18:18:52","modified_gmt":"2023-03-29T18:18:52","slug":"pietruszka-korzeniowa-halblange-berlinska-tor-tasma","status":"publish","type":"product","link":"https:\/\/torseed.eu\/en\/produkt\/pietruszka-korzeniowa-halblange-berlinska-tor-tasma\/","title":{"rendered":"Pietruszka korzeniowa Halblange &#8211; Berli\u0144ska TOR TA\u015aMA"},"content":{"rendered":"<p>Odmiana p\u00f3\u017ana, dobrze zimuj\u0105ca w polu, plenna, przydatna do bezpo\u015bredniego spo\u017cycia, przetw\u00f3rstwa i d\u0142ugiego przechowywania.<\/p>","protected":false},"excerpt":{"rendered":"<p>Odmiana p\u00f3\u017ana, dobrze zimuj\u0105ca w polu, plenna, przydatna do bezpo\u015bredniego spo\u017cycia, przetw\u00f3rstwa i d\u0142ugiego przechowywania.<\/p>\n","protected":false},"featured_media":17525,"comment_status":"open","ping_status":"open","template":"","meta":{"inline_featured_image":false},"product_cat":[107,113],"product_tag":[],"acf":[],"featured_image":"https:\/\/torseed.eu\/app\/uploads\/2023\/03\/2187.jpg","_links":{"self":[{"href":"https:\/\/torseed.eu\/en\/wp-json\/wp\/v2\/product\/30280"}],"collection":[{"href":"https:\/\/torseed.eu\/en\/wp-json\/wp\/v2\/product"}],"about":[{"href":"https:\/\/torseed.eu\/en\/wp-json\/wp\/v2\/types\/product"}],"replies":[{"embeddable":true,"href":"https:\/\/torseed.eu\/en\/wp-json\/wp\/v2\/comments?post=30280"}],"version-history":[{"count":0,"href":"https:\/\/torseed.eu\/en\/wp-json\/wp\/v2\/product\/30280\/revisions"}],"wp:featuredmedia":[{"embeddable":true,"href":"https:\/\/torseed.eu\/en\/wp-json\/wp\/v2\/media\/17525"}],"wp:attachment":[{"href":"https:\/\/torseed.eu\/en\/wp-json\/wp\/v2\/media?parent=30280"}],"wp:term":[{"taxonomy":"product_cat","embeddable":true,"href":"https:\/\/torseed.eu\/en\/wp-json\/wp\/v2\/product_cat?post=30280"},{"taxonomy":"product_tag","embeddable":true,"href":"https:\/\/torseed.eu\/en\/wp-json\/wp\/v2\/product_tag?post=30280"}],"curies":[{"name":"wp","href":"https:\/\/api.w.org\/{rel}","templated":true}]}}