{"id":30283,"date":"2022-06-15T06:20:53","date_gmt":"2022-06-15T06:20:53","guid":{"rendered":"https:\/\/refactor-second-attempt.torseed.dev.greenparrot.pl\/produkt\/pasternak-poldlugi-bialy\/"},"modified":"2023-09-08T10:37:27","modified_gmt":"2023-09-08T09:37:27","slug":"pasternak-poldlugi-bialy","status":"publish","type":"product","link":"https:\/\/torseed.eu\/en\/produkt\/pasternak-poldlugi-bialy\/","title":{"rendered":"Parsnip P\u00f3\u0142d\u0142ugi Bia\u0142y"},"content":{"rendered":"\r\n<p class=\"Standard\"><span lang=\"EN-GB\">The usable part of the plant is its root, containing large quantities of minerals, sugars and vitamins. It can be used to prepare salads, pur\u00e9e, and as seasoning for dry vegetables. It can winter in the field. <\/span><b><\/b><\/p>\r\n","protected":false},"excerpt":{"rendered":"<p>The usable part of the plant is its root, containing large quantities of minerals, sugars and vitamins. It can be used to prepare salads, pur\u00e9e, and as seasoning for dry vegetables. It can winter in the field.<\/p>\n","protected":false},"featured_media":17513,"comment_status":"open","ping_status":"open","template":"","meta":{"inline_featured_image":false},"product_cat":[107,117],"product_tag":[],"acf":[],"featured_image":"https:\/\/torseed.eu\/app\/uploads\/2023\/03\/8368.jpg","_links":{"self":[{"href":"https:\/\/torseed.eu\/en\/wp-json\/wp\/v2\/product\/30283"}],"collection":[{"href":"https:\/\/torseed.eu\/en\/wp-json\/wp\/v2\/product"}],"about":[{"href":"https:\/\/torseed.eu\/en\/wp-json\/wp\/v2\/types\/product"}],"replies":[{"embeddable":true,"href":"https:\/\/torseed.eu\/en\/wp-json\/wp\/v2\/comments?post=30283"}],"version-history":[{"count":2,"href":"https:\/\/torseed.eu\/en\/wp-json\/wp\/v2\/product\/30283\/revisions"}],"predecessor-version":[{"id":40416,"href":"https:\/\/torseed.eu\/en\/wp-json\/wp\/v2\/product\/30283\/revisions\/40416"}],"wp:featuredmedia":[{"embeddable":true,"href":"https:\/\/torseed.eu\/en\/wp-json\/wp\/v2\/media\/17513"}],"wp:attachment":[{"href":"https:\/\/torseed.eu\/en\/wp-json\/wp\/v2\/media?parent=30283"}],"wp:term":[{"taxonomy":"product_cat","embeddable":true,"href":"https:\/\/torseed.eu\/en\/wp-json\/wp\/v2\/product_cat?post=30283"},{"taxonomy":"product_tag","embeddable":true,"href":"https:\/\/torseed.eu\/en\/wp-json\/wp\/v2\/product_tag?post=30283"}],"curies":[{"name":"wp","href":"https:\/\/api.w.org\/{rel}","templated":true}]}}