{"id":30312,"date":"2022-06-15T06:20:14","date_gmt":"2022-06-15T06:20:14","guid":{"rendered":"https:\/\/refactor-second-attempt.torseed.dev.greenparrot.pl\/produkt\/ogorek-grunt-konserwowy-sremski-f1-tasma\/"},"modified":"2023-03-29T18:19:51","modified_gmt":"2023-03-29T18:19:51","slug":"ogorek-grunt-konserwowy-sremski-f1-tasma","status":"publish","type":"product","link":"https:\/\/torseed.eu\/en\/produkt\/ogorek-grunt-konserwowy-sremski-f1-tasma\/","title":{"rendered":"Og\u00f3rek grunt. konserwowy \u015aremski F1 TA\u015aMA"},"content":{"rendered":"<p>Odmiana wczesna  przydatna zar\u00f3wno do kiszenia jak i konserwowania, bardzo plenna o du\u017cej tolerancji wobec chor\u00f3b. Odmiana polecana r\u00f3wnie\u017c do uprawy na wczesny zbi\u00f3r pod niskie, ch\u0142odne tunele, owoce w fazie dojrza\u0142o\u015bci u\u017cytkowej cylindryczne, bez szyjki, o nasadzie \u0142agodnie zaokr\u0105glonej, z ma\u0142\u0105 komor\u0105 nasienn\u0105, jasnozielone, grubobrodawkowe o d\u0142ugo\u015bci 8-12 cm, odporne na \u017c\u00f3\u0142kni\u0119cie. Wymaga gleby silnie nawo\u017conej, zasobnej w wod\u0119, przepuszczalnej, ciep\u0142ej. Ro\u015bliny o silnym wzro\u015bcie i d\u0142ugich p\u0119dach brodawki liczne, du\u017ce.<\/p>","protected":false},"excerpt":{"rendered":"<p>Odmiana wczesna przydatna zar\u00f3wno do kiszenia jak i konserwowania, bardzo plenna o du\u017cej tolerancji wobec chor\u00f3b. Odmiana polecana r\u00f3wnie\u017c do uprawy na wczesny zbi\u00f3r pod niskie, ch\u0142odne tunele, owoce w fazie dojrza\u0142o\u015bci u\u017cytkowej cylindryczne, bez szyjki, o nasadzie \u0142agodnie zaokr\u0105glonej, z ma\u0142\u0105 komor\u0105 nasienn\u0105, jasnozielone, grubobrodawkowe o d\u0142ugo\u015bci 8-12 cm, odporne na \u017c\u00f3\u0142kni\u0119cie. Wymaga gleby [&hellip;]<\/p>\n","protected":false},"featured_media":17432,"comment_status":"open","ping_status":"open","template":"","meta":{"inline_featured_image":false},"product_cat":[107,113],"product_tag":[],"acf":[],"featured_image":"https:\/\/torseed.eu\/app\/uploads\/2023\/03\/9145.jpg","_links":{"self":[{"href":"https:\/\/torseed.eu\/en\/wp-json\/wp\/v2\/product\/30312"}],"collection":[{"href":"https:\/\/torseed.eu\/en\/wp-json\/wp\/v2\/product"}],"about":[{"href":"https:\/\/torseed.eu\/en\/wp-json\/wp\/v2\/types\/product"}],"replies":[{"embeddable":true,"href":"https:\/\/torseed.eu\/en\/wp-json\/wp\/v2\/comments?post=30312"}],"version-history":[{"count":0,"href":"https:\/\/torseed.eu\/en\/wp-json\/wp\/v2\/product\/30312\/revisions"}],"wp:featuredmedia":[{"embeddable":true,"href":"https:\/\/torseed.eu\/en\/wp-json\/wp\/v2\/media\/17432"}],"wp:attachment":[{"href":"https:\/\/torseed.eu\/en\/wp-json\/wp\/v2\/media?parent=30312"}],"wp:term":[{"taxonomy":"product_cat","embeddable":true,"href":"https:\/\/torseed.eu\/en\/wp-json\/wp\/v2\/product_cat?post=30312"},{"taxonomy":"product_tag","embeddable":true,"href":"https:\/\/torseed.eu\/en\/wp-json\/wp\/v2\/product_tag?post=30312"}],"curies":[{"name":"wp","href":"https:\/\/api.w.org\/{rel}","templated":true}]}}