{"id":30319,"date":"2022-06-15T06:20:02","date_gmt":"2022-06-15T06:20:02","guid":{"rendered":"https:\/\/refactor-second-attempt.torseed.dev.greenparrot.pl\/produkt\/ogorek-grunt-konserwowy-odys-f1-tasma\/"},"modified":"2023-03-29T18:19:57","modified_gmt":"2023-03-29T18:19:57","slug":"ogorek-grunt-konserwowy-odys-f1-tasma","status":"publish","type":"product","link":"https:\/\/torseed.eu\/en\/produkt\/ogorek-grunt-konserwowy-odys-f1-tasma\/","title":{"rendered":"Og\u00f3rek grunt. konserwowy Odys F1 TA\u015aMA"},"content":{"rendered":"<p>Odmiana \u015bredniowczesna wyr\u00f3wnana i stabilna w plonowaniu, wyr\u00f3\u017cnia si\u0119 kompleksow\u0105 odporno\u015bci\u0105 na choroby. Owoc bardzo kszta\u0142tny, bez goryczki, przeznaczony na konserwy i do kwaszenia.<\/p>","protected":false},"excerpt":{"rendered":"<p>Odmiana \u015bredniowczesna wyr\u00f3wnana i stabilna w plonowaniu, wyr\u00f3\u017cnia si\u0119 kompleksow\u0105 odporno\u015bci\u0105 na choroby. Owoc bardzo kszta\u0142tny, bez goryczki, przeznaczony na konserwy i do kwaszenia.<\/p>\n","protected":false},"featured_media":17410,"comment_status":"open","ping_status":"open","template":"","meta":{"inline_featured_image":false},"product_cat":[107,113],"product_tag":[],"acf":[],"featured_image":"https:\/\/torseed.eu\/app\/uploads\/2023\/03\/2186.jpg","_links":{"self":[{"href":"https:\/\/torseed.eu\/en\/wp-json\/wp\/v2\/product\/30319"}],"collection":[{"href":"https:\/\/torseed.eu\/en\/wp-json\/wp\/v2\/product"}],"about":[{"href":"https:\/\/torseed.eu\/en\/wp-json\/wp\/v2\/types\/product"}],"replies":[{"embeddable":true,"href":"https:\/\/torseed.eu\/en\/wp-json\/wp\/v2\/comments?post=30319"}],"version-history":[{"count":0,"href":"https:\/\/torseed.eu\/en\/wp-json\/wp\/v2\/product\/30319\/revisions"}],"wp:featuredmedia":[{"embeddable":true,"href":"https:\/\/torseed.eu\/en\/wp-json\/wp\/v2\/media\/17410"}],"wp:attachment":[{"href":"https:\/\/torseed.eu\/en\/wp-json\/wp\/v2\/media?parent=30319"}],"wp:term":[{"taxonomy":"product_cat","embeddable":true,"href":"https:\/\/torseed.eu\/en\/wp-json\/wp\/v2\/product_cat?post=30319"},{"taxonomy":"product_tag","embeddable":true,"href":"https:\/\/torseed.eu\/en\/wp-json\/wp\/v2\/product_tag?post=30319"}],"curies":[{"name":"wp","href":"https:\/\/api.w.org\/{rel}","templated":true}]}}