{"id":30324,"date":"2022-06-15T06:19:58","date_gmt":"2022-06-15T06:19:58","guid":{"rendered":"https:\/\/refactor-second-attempt.torseed.dev.greenparrot.pl\/produkt\/ogorek-grunt-konserwowy-ibis-f1-tasma\/"},"modified":"2023-03-29T18:20:03","modified_gmt":"2023-03-29T18:20:03","slug":"ogorek-grunt-konserwowy-ibis-f1-tasma","status":"publish","type":"product","link":"https:\/\/torseed.eu\/en\/produkt\/ogorek-grunt-konserwowy-ibis-f1-tasma\/","title":{"rendered":"Og\u00f3rek grunt. konserwowy Ibis F1 TA\u015aMA"},"content":{"rendered":"<p>Odmiana wczesna o silnym wigorze i bardzo wysokiej tolerancji wobec chor\u00f3b grzybowych, w tym wobec m\u0105czniaka rzekomego. Pierwsza polska odmiana og\u00f3rka toleruj\u0105ca niskie temperatury w okresie wschod\u00f3w i w pocz\u0105tkowym okresie wzrostu. Daje wysoki plon wczesny. Owoce \u015bredniej d\u0142ugo\u015bci, nie przerastaj\u0105ce na grubo\u015b\u0107, bez goryczki i z ma\u0142\u0105 komor\u0105 nasienn\u0105. Owoce przeznaczone do konserwowania, kwaszenia oraz na korniszony.<\/p>","protected":false},"excerpt":{"rendered":"<p>Odmiana wczesna o silnym wigorze i bardzo wysokiej tolerancji wobec chor\u00f3b grzybowych, w tym wobec m\u0105czniaka rzekomego. Pierwsza polska odmiana og\u00f3rka toleruj\u0105ca niskie temperatury w okresie wschod\u00f3w i w pocz\u0105tkowym okresie wzrostu. Daje wysoki plon wczesny. Owoce \u015bredniej d\u0142ugo\u015bci, nie przerastaj\u0105ce na grubo\u015b\u0107, bez goryczki i z ma\u0142\u0105 komor\u0105 nasienn\u0105. Owoce przeznaczone do konserwowania, kwaszenia [&hellip;]<\/p>\n","protected":false},"featured_media":26358,"comment_status":"open","ping_status":"closed","template":"","meta":{"inline_featured_image":false},"product_cat":[107,113],"product_tag":[],"acf":[],"featured_image":"https:\/\/torseed.eu\/app\/uploads\/2023\/03\/9144.jpg","_links":{"self":[{"href":"https:\/\/torseed.eu\/en\/wp-json\/wp\/v2\/product\/30324"}],"collection":[{"href":"https:\/\/torseed.eu\/en\/wp-json\/wp\/v2\/product"}],"about":[{"href":"https:\/\/torseed.eu\/en\/wp-json\/wp\/v2\/types\/product"}],"replies":[{"embeddable":true,"href":"https:\/\/torseed.eu\/en\/wp-json\/wp\/v2\/comments?post=30324"}],"version-history":[{"count":0,"href":"https:\/\/torseed.eu\/en\/wp-json\/wp\/v2\/product\/30324\/revisions"}],"wp:featuredmedia":[{"embeddable":true,"href":"https:\/\/torseed.eu\/en\/wp-json\/wp\/v2\/media\/26358"}],"wp:attachment":[{"href":"https:\/\/torseed.eu\/en\/wp-json\/wp\/v2\/media?parent=30324"}],"wp:term":[{"taxonomy":"product_cat","embeddable":true,"href":"https:\/\/torseed.eu\/en\/wp-json\/wp\/v2\/product_cat?post=30324"},{"taxonomy":"product_tag","embeddable":true,"href":"https:\/\/torseed.eu\/en\/wp-json\/wp\/v2\/product_tag?post=30324"}],"curies":[{"name":"wp","href":"https:\/\/api.w.org\/{rel}","templated":true}]}}