{"id":30327,"date":"2022-06-15T06:19:50","date_gmt":"2022-06-15T06:19:50","guid":{"rendered":"https:\/\/refactor-second-attempt.torseed.dev.greenparrot.pl\/produkt\/ogorek-grunt-konserwowy-edyp-f1-otoczka\/"},"modified":"2023-03-29T18:20:21","modified_gmt":"2023-03-29T18:20:21","slug":"ogorek-grunt-konserwowy-edyp-f1-otoczka","status":"publish","type":"product","link":"https:\/\/torseed.eu\/en\/produkt\/ogorek-grunt-konserwowy-edyp-f1-otoczka\/","title":{"rendered":"Og\u00f3rek grunt. konserwowy Edyp F1 OTOCZKA"},"content":{"rendered":"<p>Odmiana \u015bredniowczesna do uprawy polowej. Owoce bardzo kszta\u0142tne, z lekkim po\u0142yskiem, bardzo smaczne. Odmiana ta wyr\u00f3\u017cnia si\u0119 wysok\u0105 odporno\u015bci\u0105 na choroby, szczeg\u00f3lnie m\u0105czniaka rzekomego. Polecana na korniszony do konserwowania i kwaszenia.<\/p>","protected":false},"excerpt":{"rendered":"<p>Odmiana \u015bredniowczesna do uprawy polowej. Owoce bardzo kszta\u0142tne, z lekkim po\u0142yskiem, bardzo smaczne. Odmiana ta wyr\u00f3\u017cnia si\u0119 wysok\u0105 odporno\u015bci\u0105 na choroby, szczeg\u00f3lnie m\u0105czniaka rzekomego. Polecana na korniszony do konserwowania i kwaszenia.<\/p>\n","protected":false},"featured_media":17386,"comment_status":"open","ping_status":"open","template":"","meta":{"inline_featured_image":false},"product_cat":[107,115],"product_tag":[],"acf":[],"featured_image":"https:\/\/torseed.eu\/app\/uploads\/2023\/03\/7252.jpg","_links":{"self":[{"href":"https:\/\/torseed.eu\/en\/wp-json\/wp\/v2\/product\/30327"}],"collection":[{"href":"https:\/\/torseed.eu\/en\/wp-json\/wp\/v2\/product"}],"about":[{"href":"https:\/\/torseed.eu\/en\/wp-json\/wp\/v2\/types\/product"}],"replies":[{"embeddable":true,"href":"https:\/\/torseed.eu\/en\/wp-json\/wp\/v2\/comments?post=30327"}],"version-history":[{"count":0,"href":"https:\/\/torseed.eu\/en\/wp-json\/wp\/v2\/product\/30327\/revisions"}],"wp:featuredmedia":[{"embeddable":true,"href":"https:\/\/torseed.eu\/en\/wp-json\/wp\/v2\/media\/17386"}],"wp:attachment":[{"href":"https:\/\/torseed.eu\/en\/wp-json\/wp\/v2\/media?parent=30327"}],"wp:term":[{"taxonomy":"product_cat","embeddable":true,"href":"https:\/\/torseed.eu\/en\/wp-json\/wp\/v2\/product_cat?post=30327"},{"taxonomy":"product_tag","embeddable":true,"href":"https:\/\/torseed.eu\/en\/wp-json\/wp\/v2\/product_tag?post=30327"}],"curies":[{"name":"wp","href":"https:\/\/api.w.org\/{rel}","templated":true}]}}