{"id":30398,"date":"2022-06-15T06:18:13","date_gmt":"2022-06-15T06:18:13","guid":{"rendered":"https:\/\/refactor-second-attempt.torseed.dev.greenparrot.pl\/produkt\/kapusta-glowiasta-biala-kamienna-glowa-otoczka\/"},"modified":"2023-03-29T18:22:08","modified_gmt":"2023-03-29T18:22:08","slug":"kapusta-glowiasta-biala-kamienna-glowa-otoczka","status":"publish","type":"product","link":"https:\/\/torseed.eu\/en\/produkt\/kapusta-glowiasta-biala-kamienna-glowa-otoczka\/","title":{"rendered":"Kapusta g\u0142owiasta bia\u0142a Kamienna G\u0142owa OTOCZKA"},"content":{"rendered":"<p>Gatunek o wysokich wymaganiach w zakresie \u017cyzno\u015bci i wilgotno\u015bci gleby oraz intensywnego nawo\u017cenia. Odmiany wczesne przeznaczone g\u0142\u00f3wnie do bezpo\u015bredniego spo\u017cycia, \u015brednio po\u017ane i po\u017ane dla przetw\u00f3rstwa i przechowywania. W przypadku odmian p\u00f3\u017anych mo\u017cliwy wysiew punktowy bezpo\u015brednio w pole.<\/p>","protected":false},"excerpt":{"rendered":"<p>Gatunek o wysokich wymaganiach w zakresie \u017cyzno\u015bci i wilgotno\u015bci gleby oraz intensywnego nawo\u017cenia. Odmiany wczesne przeznaczone g\u0142\u00f3wnie do bezpo\u015bredniego spo\u017cycia, \u015brednio po\u017ane i po\u017ane dla przetw\u00f3rstwa i przechowywania. W przypadku odmian p\u00f3\u017anych mo\u017cliwy wysiew punktowy bezpo\u015brednio w pole.<\/p>\n","protected":false},"featured_media":25988,"comment_status":"open","ping_status":"closed","template":"","meta":{"inline_featured_image":false},"product_cat":[115,107],"product_tag":[],"acf":[],"featured_image":"https:\/\/torseed.eu\/app\/uploads\/2023\/03\/7180.jpg","_links":{"self":[{"href":"https:\/\/torseed.eu\/en\/wp-json\/wp\/v2\/product\/30398"}],"collection":[{"href":"https:\/\/torseed.eu\/en\/wp-json\/wp\/v2\/product"}],"about":[{"href":"https:\/\/torseed.eu\/en\/wp-json\/wp\/v2\/types\/product"}],"replies":[{"embeddable":true,"href":"https:\/\/torseed.eu\/en\/wp-json\/wp\/v2\/comments?post=30398"}],"version-history":[{"count":0,"href":"https:\/\/torseed.eu\/en\/wp-json\/wp\/v2\/product\/30398\/revisions"}],"wp:featuredmedia":[{"embeddable":true,"href":"https:\/\/torseed.eu\/en\/wp-json\/wp\/v2\/media\/25988"}],"wp:attachment":[{"href":"https:\/\/torseed.eu\/en\/wp-json\/wp\/v2\/media?parent=30398"}],"wp:term":[{"taxonomy":"product_cat","embeddable":true,"href":"https:\/\/torseed.eu\/en\/wp-json\/wp\/v2\/product_cat?post=30398"},{"taxonomy":"product_tag","embeddable":true,"href":"https:\/\/torseed.eu\/en\/wp-json\/wp\/v2\/product_tag?post=30398"}],"curies":[{"name":"wp","href":"https:\/\/api.w.org\/{rel}","templated":true}]}}