{"id":30421,"date":"2022-06-15T06:17:42","date_gmt":"2022-06-15T06:17:42","guid":{"rendered":"https:\/\/refactor-second-attempt.torseed.dev.greenparrot.pl\/produkt\/groch-siew-lusk-o-nas-pomar-cud-kelvedonu-nano-gro\/"},"modified":"2023-03-29T18:22:45","modified_gmt":"2023-03-29T18:22:45","slug":"groch-siew-lusk-o-nas-pomar-cud-kelvedonu-nano-gro","status":"publish","type":"product","link":"https:\/\/torseed.eu\/en\/produkt\/groch-siew-lusk-o-nas-pomar-cud-kelvedonu-nano-gro\/","title":{"rendered":"Groch siew. \u0142usk.o nas.pomar. Cud Kelvedonu NANO-GRO"},"content":{"rendered":"<p>Ormiana wczesna. Okres wegetacji od wysiewu do zbioru zielonych nasion wynosi ok. 80 dni. Ro\u015bliny wysoko\u015bci 45-65 cm, nasiona du\u017ce o wyj\u0105tkowych walorach smakowych, przydatne do bezpo\u015bredniego spo\u017cycia i przetw\u00f3rstwa.<\/p>","protected":false},"excerpt":{"rendered":"<p>Ormiana wczesna. Okres wegetacji od wysiewu do zbioru zielonych nasion wynosi ok. 80 dni. Ro\u015bliny wysoko\u015bci 45-65 cm, nasiona du\u017ce o wyj\u0105tkowych walorach smakowych, przydatne do bezpo\u015bredniego spo\u017cycia i przetw\u00f3rstwa.<\/p>\n","protected":false},"featured_media":25877,"comment_status":"open","ping_status":"closed","template":"","meta":{"inline_featured_image":false},"product_cat":[107,111],"product_tag":[],"acf":[],"featured_image":"https:\/\/torseed.eu\/app\/uploads\/2023\/03\/2199.jpg","_links":{"self":[{"href":"https:\/\/torseed.eu\/en\/wp-json\/wp\/v2\/product\/30421"}],"collection":[{"href":"https:\/\/torseed.eu\/en\/wp-json\/wp\/v2\/product"}],"about":[{"href":"https:\/\/torseed.eu\/en\/wp-json\/wp\/v2\/types\/product"}],"replies":[{"embeddable":true,"href":"https:\/\/torseed.eu\/en\/wp-json\/wp\/v2\/comments?post=30421"}],"version-history":[{"count":0,"href":"https:\/\/torseed.eu\/en\/wp-json\/wp\/v2\/product\/30421\/revisions"}],"wp:featuredmedia":[{"embeddable":true,"href":"https:\/\/torseed.eu\/en\/wp-json\/wp\/v2\/media\/25877"}],"wp:attachment":[{"href":"https:\/\/torseed.eu\/en\/wp-json\/wp\/v2\/media?parent=30421"}],"wp:term":[{"taxonomy":"product_cat","embeddable":true,"href":"https:\/\/torseed.eu\/en\/wp-json\/wp\/v2\/product_cat?post=30421"},{"taxonomy":"product_tag","embeddable":true,"href":"https:\/\/torseed.eu\/en\/wp-json\/wp\/v2\/product_tag?post=30421"}],"curies":[{"name":"wp","href":"https:\/\/api.w.org\/{rel}","templated":true}]}}