{"id":30485,"date":"2022-06-15T06:16:21","date_gmt":"2022-06-15T06:16:21","guid":{"rendered":"https:\/\/refactor-second-attempt.torseed.dev.greenparrot.pl\/produkt\/dynia-olbrzymia-melonowa-zolta\/"},"modified":"2023-08-22T10:47:57","modified_gmt":"2023-08-22T09:47:57","slug":"dynia-olbrzymia-melonowa-zolta","status":"publish","type":"product","link":"https:\/\/torseed.eu\/en\/produkt\/dynia-olbrzymia-melonowa-zolta\/","title":{"rendered":"Giant pumpkin Melonowa \u017b\u00f3\u0142ta"},"content":{"rendered":"\r\n<p>A medium-early variety, with a very high yield. The plants have very long, trailing stems. The fruit is large (up to 25\u201330kg), durable during storage. The flesh is compact, juicy, light to yellow orange.<\/p>\r\n","protected":false},"excerpt":{"rendered":"<p>A medium-early variety, with a very high yield. The plants have very long, trailing stems. The fruit is large (up to 25\u201330kg), durable during storage. The flesh is compact, juicy, light to yellow orange.<\/p>\n","protected":false},"featured_media":25581,"comment_status":"open","ping_status":"closed","template":"","meta":{"inline_featured_image":false},"product_cat":[107,117],"product_tag":[],"acf":[],"featured_image":"https:\/\/torseed.eu\/app\/uploads\/2023\/03\/8377.jpg","_links":{"self":[{"href":"https:\/\/torseed.eu\/en\/wp-json\/wp\/v2\/product\/30485"}],"collection":[{"href":"https:\/\/torseed.eu\/en\/wp-json\/wp\/v2\/product"}],"about":[{"href":"https:\/\/torseed.eu\/en\/wp-json\/wp\/v2\/types\/product"}],"replies":[{"embeddable":true,"href":"https:\/\/torseed.eu\/en\/wp-json\/wp\/v2\/comments?post=30485"}],"version-history":[{"count":1,"href":"https:\/\/torseed.eu\/en\/wp-json\/wp\/v2\/product\/30485\/revisions"}],"predecessor-version":[{"id":39632,"href":"https:\/\/torseed.eu\/en\/wp-json\/wp\/v2\/product\/30485\/revisions\/39632"}],"wp:featuredmedia":[{"embeddable":true,"href":"https:\/\/torseed.eu\/en\/wp-json\/wp\/v2\/media\/25581"}],"wp:attachment":[{"href":"https:\/\/torseed.eu\/en\/wp-json\/wp\/v2\/media?parent=30485"}],"wp:term":[{"taxonomy":"product_cat","embeddable":true,"href":"https:\/\/torseed.eu\/en\/wp-json\/wp\/v2\/product_cat?post=30485"},{"taxonomy":"product_tag","embeddable":true,"href":"https:\/\/torseed.eu\/en\/wp-json\/wp\/v2\/product_tag?post=30485"}],"curies":[{"name":"wp","href":"https:\/\/api.w.org\/{rel}","templated":true}]}}