{"id":30500,"date":"2022-06-15T06:15:57","date_gmt":"2022-06-15T06:15:57","guid":{"rendered":"https:\/\/refactor-second-attempt.torseed.dev.greenparrot.pl\/produkt\/cebula-wolska-nano-gro\/"},"modified":"2023-03-29T18:24:51","modified_gmt":"2023-03-29T18:24:51","slug":"cebula-wolska-nano-gro","status":"publish","type":"product","link":"https:\/\/torseed.eu\/en\/produkt\/cebula-wolska-nano-gro\/","title":{"rendered":"Cebula Wolska NANO-GRO"},"content":{"rendered":"<p>Odmiana p\u00f3\u017ana, bardzo plenna, wyr\u00f3wnana, o du\u017cej trwa\u0142o\u015bci przechowywania. Wymaga dobrych warunk\u00f3w uprawy. Cebule kulisto- romboidalne, o masie 90-160 g, okryte such\u0105, cienk\u0105, s\u0142omkowo\u017c\u00f3\u0142t\u0105 \u0142usk\u0105. Mi\u0105\u017csz bia\u0142y, j\u0119drny, smaczny.<\/p>","protected":false},"excerpt":{"rendered":"<p>Odmiana p\u00f3\u017ana, bardzo plenna, wyr\u00f3wnana, o du\u017cej trwa\u0142o\u015bci przechowywania. Wymaga dobrych warunk\u00f3w uprawy. Cebule kulisto- romboidalne, o masie 90-160 g, okryte such\u0105, cienk\u0105, s\u0142omkowo\u017c\u00f3\u0142t\u0105 \u0142usk\u0105. Mi\u0105\u017csz bia\u0142y, j\u0119drny, smaczny.<\/p>\n","protected":false},"featured_media":25506,"comment_status":"open","ping_status":"closed","template":"","meta":{"inline_featured_image":false},"product_cat":[107,111],"product_tag":[],"acf":[],"featured_image":"https:\/\/torseed.eu\/app\/uploads\/2023\/03\/2194.jpg","_links":{"self":[{"href":"https:\/\/torseed.eu\/en\/wp-json\/wp\/v2\/product\/30500"}],"collection":[{"href":"https:\/\/torseed.eu\/en\/wp-json\/wp\/v2\/product"}],"about":[{"href":"https:\/\/torseed.eu\/en\/wp-json\/wp\/v2\/types\/product"}],"replies":[{"embeddable":true,"href":"https:\/\/torseed.eu\/en\/wp-json\/wp\/v2\/comments?post=30500"}],"version-history":[{"count":0,"href":"https:\/\/torseed.eu\/en\/wp-json\/wp\/v2\/product\/30500\/revisions"}],"wp:featuredmedia":[{"embeddable":true,"href":"https:\/\/torseed.eu\/en\/wp-json\/wp\/v2\/media\/25506"}],"wp:attachment":[{"href":"https:\/\/torseed.eu\/en\/wp-json\/wp\/v2\/media?parent=30500"}],"wp:term":[{"taxonomy":"product_cat","embeddable":true,"href":"https:\/\/torseed.eu\/en\/wp-json\/wp\/v2\/product_cat?post=30500"},{"taxonomy":"product_tag","embeddable":true,"href":"https:\/\/torseed.eu\/en\/wp-json\/wp\/v2\/product_tag?post=30500"}],"curies":[{"name":"wp","href":"https:\/\/api.w.org\/{rel}","templated":true}]}}