{"id":30501,"date":"2022-06-15T06:15:56","date_gmt":"2022-06-15T06:15:56","guid":{"rendered":"https:\/\/refactor-second-attempt.torseed.dev.greenparrot.pl\/produkt\/cebula-torunianka-nano-gro\/"},"modified":"2023-03-29T18:24:52","modified_gmt":"2023-03-29T18:24:52","slug":"cebula-torunianka-nano-gro","status":"publish","type":"product","link":"https:\/\/torseed.eu\/en\/produkt\/cebula-torunianka-nano-gro\/","title":{"rendered":"Cebula Torunianka NANO-GRO"},"content":{"rendered":"<p>Odmiana \u015bredniowczesna (od wysiewu do zbioru 135 dni), szczeg\u00f3lnie przydatna do bardzo d\u0142ugiego przechowywania. Plonuje stabilnie nawet w trudniejszych warunkach uprawy, jest tolerancyjan na m\u0105czniaka rzekomego i nie wyakazuje sk\u0142onno\u015bci do wybijania w p\u0119dy nasienne. \u0141uska \u017c\u00f3\u0142to-br\u0105zowa, odporna na p\u0119kanie, mi\u0105\u017csz bia\u0142o-kremowy. \u015arednia masa cebuli wynosi 150g.<\/p>","protected":false},"excerpt":{"rendered":"<p>Odmiana \u015bredniowczesna (od wysiewu do zbioru 135 dni), szczeg\u00f3lnie przydatna do bardzo d\u0142ugiego przechowywania. Plonuje stabilnie nawet w trudniejszych warunkach uprawy, jest tolerancyjan na m\u0105czniaka rzekomego i nie wyakazuje sk\u0142onno\u015bci do wybijania w p\u0119dy nasienne. \u0141uska \u017c\u00f3\u0142to-br\u0105zowa, odporna na p\u0119kanie, mi\u0105\u017csz bia\u0142o-kremowy. \u015arednia masa cebuli wynosi 150g.<\/p>\n","protected":false},"featured_media":25496,"comment_status":"open","ping_status":"closed","template":"","meta":{"inline_featured_image":false},"product_cat":[107,111],"product_tag":[],"acf":[],"featured_image":"https:\/\/torseed.eu\/app\/uploads\/2023\/03\/7249.jpg","_links":{"self":[{"href":"https:\/\/torseed.eu\/en\/wp-json\/wp\/v2\/product\/30501"}],"collection":[{"href":"https:\/\/torseed.eu\/en\/wp-json\/wp\/v2\/product"}],"about":[{"href":"https:\/\/torseed.eu\/en\/wp-json\/wp\/v2\/types\/product"}],"replies":[{"embeddable":true,"href":"https:\/\/torseed.eu\/en\/wp-json\/wp\/v2\/comments?post=30501"}],"version-history":[{"count":0,"href":"https:\/\/torseed.eu\/en\/wp-json\/wp\/v2\/product\/30501\/revisions"}],"wp:featuredmedia":[{"embeddable":true,"href":"https:\/\/torseed.eu\/en\/wp-json\/wp\/v2\/media\/25496"}],"wp:attachment":[{"href":"https:\/\/torseed.eu\/en\/wp-json\/wp\/v2\/media?parent=30501"}],"wp:term":[{"taxonomy":"product_cat","embeddable":true,"href":"https:\/\/torseed.eu\/en\/wp-json\/wp\/v2\/product_cat?post=30501"},{"taxonomy":"product_tag","embeddable":true,"href":"https:\/\/torseed.eu\/en\/wp-json\/wp\/v2\/product_tag?post=30501"}],"curies":[{"name":"wp","href":"https:\/\/api.w.org\/{rel}","templated":true}]}}