{"id":30505,"date":"2022-06-15T06:15:53","date_gmt":"2022-06-15T06:15:53","guid":{"rendered":"https:\/\/refactor-second-attempt.torseed.dev.greenparrot.pl\/produkt\/cebula-octavia-otoczka\/"},"modified":"2023-03-29T18:24:56","modified_gmt":"2023-03-29T18:24:56","slug":"cebula-octavia-otoczka","status":"publish","type":"product","link":"https:\/\/torseed.eu\/en\/produkt\/cebula-octavia-otoczka\/","title":{"rendered":"Cebula Octavia OTOCZKA"},"content":{"rendered":"<p>Odmiana \u015bredniowczesna, plenna, przydatna r\u00f3wnie\u017c dla przetw\u00f3rstwa oraz d\u0142ugiego przechowywania. Wyr\u00f3\u017cnia si\u0119 r\u00f3wnomierny za\u0142amywaniem szczypioru.<\/p>","protected":false},"excerpt":{"rendered":"<p>Odmiana \u015bredniowczesna, plenna, przydatna r\u00f3wnie\u017c dla przetw\u00f3rstwa oraz d\u0142ugiego przechowywania. Wyr\u00f3\u017cnia si\u0119 r\u00f3wnomierny za\u0142amywaniem szczypioru.<\/p>\n","protected":false},"featured_media":25481,"comment_status":"open","ping_status":"closed","template":"","meta":{"inline_featured_image":false},"product_cat":[107,115],"product_tag":[],"acf":[],"featured_image":"https:\/\/torseed.eu\/app\/uploads\/2023\/03\/7178.jpg","_links":{"self":[{"href":"https:\/\/torseed.eu\/en\/wp-json\/wp\/v2\/product\/30505"}],"collection":[{"href":"https:\/\/torseed.eu\/en\/wp-json\/wp\/v2\/product"}],"about":[{"href":"https:\/\/torseed.eu\/en\/wp-json\/wp\/v2\/types\/product"}],"replies":[{"embeddable":true,"href":"https:\/\/torseed.eu\/en\/wp-json\/wp\/v2\/comments?post=30505"}],"version-history":[{"count":0,"href":"https:\/\/torseed.eu\/en\/wp-json\/wp\/v2\/product\/30505\/revisions"}],"wp:featuredmedia":[{"embeddable":true,"href":"https:\/\/torseed.eu\/en\/wp-json\/wp\/v2\/media\/25481"}],"wp:attachment":[{"href":"https:\/\/torseed.eu\/en\/wp-json\/wp\/v2\/media?parent=30505"}],"wp:term":[{"taxonomy":"product_cat","embeddable":true,"href":"https:\/\/torseed.eu\/en\/wp-json\/wp\/v2\/product_cat?post=30505"},{"taxonomy":"product_tag","embeddable":true,"href":"https:\/\/torseed.eu\/en\/wp-json\/wp\/v2\/product_tag?post=30505"}],"curies":[{"name":"wp","href":"https:\/\/api.w.org\/{rel}","templated":true}]}}