{"id":30506,"date":"2022-06-15T06:15:52","date_gmt":"2022-06-15T06:15:52","guid":{"rendered":"https:\/\/refactor-second-attempt.torseed.dev.greenparrot.pl\/produkt\/cebula-octavia-nano-gro\/"},"modified":"2023-03-29T18:24:57","modified_gmt":"2023-03-29T18:24:57","slug":"cebula-octavia-nano-gro","status":"publish","type":"product","link":"https:\/\/torseed.eu\/en\/produkt\/cebula-octavia-nano-gro\/","title":{"rendered":"Cebula Octavia NANO-GRO"},"content":{"rendered":"<p>Odmiana \u015bredniowczesna, plenna, przydatna r\u00f3wnie\u017c dla przetw\u00f3rstwa oraz d\u0142ugiego przechowywania. Wyr\u00f3\u017cnia si\u0119 r\u00f3wnomierny za\u0142amywaniem szczypioru.<\/p>","protected":false},"excerpt":{"rendered":"<p>Odmiana \u015bredniowczesna, plenna, przydatna r\u00f3wnie\u017c dla przetw\u00f3rstwa oraz d\u0142ugiego przechowywania. Wyr\u00f3\u017cnia si\u0119 r\u00f3wnomierny za\u0142amywaniem szczypioru.<\/p>\n","protected":false},"featured_media":25476,"comment_status":"open","ping_status":"closed","template":"","meta":{"inline_featured_image":false},"product_cat":[107,111],"product_tag":[],"acf":[],"featured_image":"https:\/\/torseed.eu\/app\/uploads\/2023\/03\/2193.jpg","_links":{"self":[{"href":"https:\/\/torseed.eu\/en\/wp-json\/wp\/v2\/product\/30506"}],"collection":[{"href":"https:\/\/torseed.eu\/en\/wp-json\/wp\/v2\/product"}],"about":[{"href":"https:\/\/torseed.eu\/en\/wp-json\/wp\/v2\/types\/product"}],"replies":[{"embeddable":true,"href":"https:\/\/torseed.eu\/en\/wp-json\/wp\/v2\/comments?post=30506"}],"version-history":[{"count":0,"href":"https:\/\/torseed.eu\/en\/wp-json\/wp\/v2\/product\/30506\/revisions"}],"wp:featuredmedia":[{"embeddable":true,"href":"https:\/\/torseed.eu\/en\/wp-json\/wp\/v2\/media\/25476"}],"wp:attachment":[{"href":"https:\/\/torseed.eu\/en\/wp-json\/wp\/v2\/media?parent=30506"}],"wp:term":[{"taxonomy":"product_cat","embeddable":true,"href":"https:\/\/torseed.eu\/en\/wp-json\/wp\/v2\/product_cat?post=30506"},{"taxonomy":"product_tag","embeddable":true,"href":"https:\/\/torseed.eu\/en\/wp-json\/wp\/v2\/product_tag?post=30506"}],"curies":[{"name":"wp","href":"https:\/\/api.w.org\/{rel}","templated":true}]}}