{"id":30527,"date":"2022-06-15T06:15:24","date_gmt":"2022-06-15T06:15:24","guid":{"rendered":"https:\/\/refactor-second-attempt.torseed.dev.greenparrot.pl\/produkt\/burak-cwiklowy-czerwona-kula-2-otoczka\/"},"modified":"2023-03-29T18:25:30","modified_gmt":"2023-03-29T18:25:30","slug":"burak-cwiklowy-czerwona-kula-2-otoczka","status":"publish","type":"product","link":"https:\/\/torseed.eu\/en\/produkt\/burak-cwiklowy-czerwona-kula-2-otoczka\/","title":{"rendered":"Burak \u0107wik\u0142owy Czerwona Kula 2 OTOCZKA"},"content":{"rendered":"<p>Odmiana bardzo plenna, przeznaczona na u\u017cytek letni, jesienny oraz do przechowywania. Korze\u0144 kulisty, pier\u015bcienie s\u0142abo zaznaczone. Mi\u0105\u017csz soczysty o wysokich walorach smakowych.<\/p>","protected":false},"excerpt":{"rendered":"<p>Odmiana bardzo plenna, przeznaczona na u\u017cytek letni, jesienny oraz do przechowywania. Korze\u0144 kulisty, pier\u015bcienie s\u0142abo zaznaczone. Mi\u0105\u017csz soczysty o wysokich walorach smakowych.<\/p>\n","protected":false},"featured_media":25371,"comment_status":"open","ping_status":"closed","template":"","meta":{"inline_featured_image":false},"product_cat":[107,115],"product_tag":[],"acf":[],"featured_image":"https:\/\/torseed.eu\/app\/uploads\/2023\/03\/7176.jpg","_links":{"self":[{"href":"https:\/\/torseed.eu\/en\/wp-json\/wp\/v2\/product\/30527"}],"collection":[{"href":"https:\/\/torseed.eu\/en\/wp-json\/wp\/v2\/product"}],"about":[{"href":"https:\/\/torseed.eu\/en\/wp-json\/wp\/v2\/types\/product"}],"replies":[{"embeddable":true,"href":"https:\/\/torseed.eu\/en\/wp-json\/wp\/v2\/comments?post=30527"}],"version-history":[{"count":0,"href":"https:\/\/torseed.eu\/en\/wp-json\/wp\/v2\/product\/30527\/revisions"}],"wp:featuredmedia":[{"embeddable":true,"href":"https:\/\/torseed.eu\/en\/wp-json\/wp\/v2\/media\/25371"}],"wp:attachment":[{"href":"https:\/\/torseed.eu\/en\/wp-json\/wp\/v2\/media?parent=30527"}],"wp:term":[{"taxonomy":"product_cat","embeddable":true,"href":"https:\/\/torseed.eu\/en\/wp-json\/wp\/v2\/product_cat?post=30527"},{"taxonomy":"product_tag","embeddable":true,"href":"https:\/\/torseed.eu\/en\/wp-json\/wp\/v2\/product_tag?post=30527"}],"curies":[{"name":"wp","href":"https:\/\/api.w.org\/{rel}","templated":true}]}}