{"id":30540,"date":"2023-01-11T10:46:11","date_gmt":"2023-01-11T10:46:11","guid":{"rendered":"https:\/\/refactor-second-attempt.torseed.dev.greenparrot.pl\/produkt\/zielony-jeczmien-en\/"},"modified":"2023-03-29T18:25:58","modified_gmt":"2023-03-29T18:25:58","slug":"zielony-jeczmien-en","status":"publish","type":"product","link":"https:\/\/torseed.eu\/en\/produkt\/zielony-jeczmien-en\/","title":{"rendered":"Zielony j\u0119czmie\u0144 EN"},"content":{"rendered":"\n\nMo\u017ce by\u0107 spo\u017cywany w formie kie\u0142k\u00f3w, sproszkowanego soku b\u0105d\u017a rozdrobnionej surowej trawy j\u0119czmiennej. Sok ze \u015bwie\u017cych ped\u00f3w ze wzgl\u0119du na niezbyt przyjemny smak mo\u017cna \u0142\u0105czy\u0107 z innymi produktami typu jogurty smakowe, soki owocowe czy warzywne. M\u0142ody jeczmie\u0144 oczyszcza, regeneruje i odkwasza oraz uodparnia organizm. Ze wzgledu na wysok\u0105 zawrato\u015b\u0107 chlorofilu i antyoksydan\u00f3w skutecznie zapobiega nowotworom, szczeg\u00f3lnie jelita grubego. Zawiera mn\u00f3stwo witamin i minera\u0142\u00f3w w wysokim st\u0119\u017ceniu (magnez, potas, wap\u0144, mied\u017a, cynk, \u017celazo, wit. B,C,E) a tak\u017ce naturalnych hormon\u00f3w i aminokwas\u00f3w. Zawrto\u015b\u0107 rozpuszczalnego, \u0142atwo przyswajalnego b\u0142onnika pomaga w skutecznym odchudzaniu. Szczeg\u00f3lnie dla wegetarian bardzo istotna jest wysoka zawrato\u015b\u0107 witaminy B12 ( zawartej g\u0142\u00f3wnie w mi\u0119sie).\n\n","protected":false},"excerpt":{"rendered":"<p>Mo\u017ce by\u0107 spo\u017cywany w formie kie\u0142k\u00f3w, sproszkowanego soku b\u0105d\u017a rozdrobnionej surowej trawy j\u0119czmiennej. Sok ze \u015bwie\u017cych ped\u00f3w ze wzgl\u0119du na niezbyt przyjemny smak mo\u017cna \u0142\u0105czy\u0107 z innymi produktami typu jogurty smakowe, soki owocowe czy warzywne. M\u0142ody jeczmie\u0144 oczyszcza, regeneruje i odkwasza oraz uodparnia organizm. Ze wzgledu na wysok\u0105 zawrato\u015b\u0107 chlorofilu i antyoksydan\u00f3w skutecznie zapobiega nowotworom, [&hellip;]<\/p>\n","protected":false},"featured_media":17943,"comment_status":"open","ping_status":"open","template":"","meta":{"inline_featured_image":false},"product_cat":[107,117],"product_tag":[],"acf":[],"featured_image":"https:\/\/torseed.eu\/app\/uploads\/2023\/03\/8397.jpg","_links":{"self":[{"href":"https:\/\/torseed.eu\/en\/wp-json\/wp\/v2\/product\/30540"}],"collection":[{"href":"https:\/\/torseed.eu\/en\/wp-json\/wp\/v2\/product"}],"about":[{"href":"https:\/\/torseed.eu\/en\/wp-json\/wp\/v2\/types\/product"}],"replies":[{"embeddable":true,"href":"https:\/\/torseed.eu\/en\/wp-json\/wp\/v2\/comments?post=30540"}],"version-history":[{"count":0,"href":"https:\/\/torseed.eu\/en\/wp-json\/wp\/v2\/product\/30540\/revisions"}],"wp:featuredmedia":[{"embeddable":true,"href":"https:\/\/torseed.eu\/en\/wp-json\/wp\/v2\/media\/17943"}],"wp:attachment":[{"href":"https:\/\/torseed.eu\/en\/wp-json\/wp\/v2\/media?parent=30540"}],"wp:term":[{"taxonomy":"product_cat","embeddable":true,"href":"https:\/\/torseed.eu\/en\/wp-json\/wp\/v2\/product_cat?post=30540"},{"taxonomy":"product_tag","embeddable":true,"href":"https:\/\/torseed.eu\/en\/wp-json\/wp\/v2\/product_tag?post=30540"}],"curies":[{"name":"wp","href":"https:\/\/api.w.org\/{rel}","templated":true}]}}