{"id":30542,"date":"2022-06-15T06:34:29","date_gmt":"2022-06-15T06:34:29","guid":{"rendered":"https:\/\/refactor-second-attempt.torseed.dev.greenparrot.pl\/produkt\/petunia-zwisajaca-fortunia-rozowa\/"},"modified":"2023-05-16T11:41:33","modified_gmt":"2023-05-16T10:41:33","slug":"petunia-zwisajaca-fortunia-rozowa","status":"publish","type":"product","link":"https:\/\/torseed.eu\/ru\/produkt\/petunia-zwisajaca-fortunia-rozowa\/","title":{"rendered":"Petunia zwisaj\u0105ca Fortunia r\u00f3\u017cowa"},"content":{"rendered":"\r\n<p>Ro\u015blina jednoroczna o kwiatach w kszta\u0142cie kielich\u00f3w, obficie kwitn\u0105ca. Wymaga dokarmiania. Zastosowanie: do wisz\u0105cych doniczek, na balkony. Bardzo \u0142adna ro\u015blina pochodz\u0105ca z Afryki Po\u0142udniowej. W naszych warunkach klimatycznych jest ro\u015blin\u0105 jednoroczn\u0105, jednak rozsiewaj\u0105c si\u0119, utrzymuje si\u0119 na rabacie przez wiele lat. Nasiona wymagaj\u0105 stratyfikacji w temp. -4 do +4 C przez ok. 4 tygodnie. Przy lekkiej zimie i zabezpieczeniu w formie kopczyka mo\u017ce przetrwa\u0107 zim\u0119. Osi\u0105ga wysoko\u015b\u0107 80-150 cm. Kwiaty fioletowo-r\u00f3\u017cowe w formie wiech przyci\u0105gaj\u0105 liczne motyle i inne owady. Kwitnie bardzo d\u0142ugo &#8211; od czerwca a\u017c do mroz\u00f3w. Preferuje gleby \u017cyzne, ale dobrze zdrenowane. <\/p>\r\n","protected":false},"excerpt":{"rendered":"<p>Ro\u015blina jednoroczna o kwiatach w kszta\u0142cie kielich\u00f3w, obficie kwitn\u0105ca. Wymaga dokarmiania. Zastosowanie: do wisz\u0105cych doniczek, na balkony. Bardzo \u0142adna ro\u015blina pochodz\u0105ca z Afryki Po\u0142udniowej. W naszych warunkach klimatycznych jest ro\u015blin\u0105 jednoroczn\u0105, jednak rozsiewaj\u0105c si\u0119, utrzymuje si\u0119 na rabacie przez wiele lat. Nasiona wymagaj\u0105 stratyfikacji w temp. -4 do +4 C przez ok. 4 tygodnie. Przy [&hellip;]<\/p>\n","protected":false},"featured_media":29652,"comment_status":"open","ping_status":"closed","template":"","meta":{"inline_featured_image":false},"product_cat":[90,96],"product_tag":[],"acf":[],"featured_image":"https:\/\/torseed.eu\/app\/uploads\/2023\/03\/8330.jpg","_links":{"self":[{"href":"https:\/\/torseed.eu\/ru\/wp-json\/wp\/v2\/product\/30542"}],"collection":[{"href":"https:\/\/torseed.eu\/ru\/wp-json\/wp\/v2\/product"}],"about":[{"href":"https:\/\/torseed.eu\/ru\/wp-json\/wp\/v2\/types\/product"}],"replies":[{"embeddable":true,"href":"https:\/\/torseed.eu\/ru\/wp-json\/wp\/v2\/comments?post=30542"}],"version-history":[{"count":2,"href":"https:\/\/torseed.eu\/ru\/wp-json\/wp\/v2\/product\/30542\/revisions"}],"predecessor-version":[{"id":34085,"href":"https:\/\/torseed.eu\/ru\/wp-json\/wp\/v2\/product\/30542\/revisions\/34085"}],"wp:featuredmedia":[{"embeddable":true,"href":"https:\/\/torseed.eu\/ru\/wp-json\/wp\/v2\/media\/29652"}],"wp:attachment":[{"href":"https:\/\/torseed.eu\/ru\/wp-json\/wp\/v2\/media?parent=30542"}],"wp:term":[{"taxonomy":"product_cat","embeddable":true,"href":"https:\/\/torseed.eu\/ru\/wp-json\/wp\/v2\/product_cat?post=30542"},{"taxonomy":"product_tag","embeddable":true,"href":"https:\/\/torseed.eu\/ru\/wp-json\/wp\/v2\/product_tag?post=30542"}],"curies":[{"name":"wp","href":"https:\/\/api.w.org\/{rel}","templated":true}]}}