{"id":30543,"date":"2022-06-15T06:23:56","date_gmt":"2022-06-15T06:23:56","guid":{"rendered":"https:\/\/refactor-second-attempt.torseed.dev.greenparrot.pl\/produkt\/szpinak-nowozelandzki\/"},"modified":"2023-03-29T18:29:11","modified_gmt":"2023-03-29T18:29:11","slug":"szpinak-nowozelandzki","status":"publish","type":"product","link":"https:\/\/torseed.eu\/ru\/produkt\/szpinak-nowozelandzki\/","title":{"rendered":"Szpinak Nowozelandzki"},"content":{"rendered":"<p>&nbsp;<\/p>\n<p>Tworzy silne rozga\u0142\u0119zione, p\u0142o\u017c\u0105ce p\u0119dy, d\u0142ugo\u015bci do 1m. Cz\u0119\u015bci\u0105 u\u017cytkow\u0105 s\u0105 wierzcho\u0142ki p\u0119d\u00f3w d\u0142. 8 cm oraz li\u015bcie poni\u017cej ci\u0119cia. Przeznaczenie jak szpinaku zwyczajnego. Uprawa z siewu wprost w pole b\u0105d\u017a z rozsady doniczkowanej. Nasiona kie\u0142kuj\u0105 3-4 tygodnie.<\/p>\n<p><!-- \/wp:paragraph --><\/p>\n","protected":false},"excerpt":{"rendered":"<p>&nbsp; Tworzy silne rozga\u0142\u0119zione, p\u0142o\u017c\u0105ce p\u0119dy, d\u0142ugo\u015bci do 1m. Cz\u0119\u015bci\u0105 u\u017cytkow\u0105 s\u0105 wierzcho\u0142ki p\u0119d\u00f3w d\u0142. 8 cm oraz li\u015bcie poni\u017cej ci\u0119cia. Przeznaczenie jak szpinaku zwyczajnego. Uprawa z siewu wprost w pole b\u0105d\u017a z rozsady doniczkowanej. Nasiona kie\u0142kuj\u0105 3-4 tygodnie.<\/p>\n","protected":false},"featured_media":17937,"comment_status":"open","ping_status":"open","template":"","meta":{"inline_featured_image":false},"product_cat":[108,118,28],"product_tag":[],"acf":[],"featured_image":"https:\/\/torseed.eu\/app\/uploads\/2023\/03\/542.jpg","_links":{"self":[{"href":"https:\/\/torseed.eu\/ru\/wp-json\/wp\/v2\/product\/30543"}],"collection":[{"href":"https:\/\/torseed.eu\/ru\/wp-json\/wp\/v2\/product"}],"about":[{"href":"https:\/\/torseed.eu\/ru\/wp-json\/wp\/v2\/types\/product"}],"replies":[{"embeddable":true,"href":"https:\/\/torseed.eu\/ru\/wp-json\/wp\/v2\/comments?post=30543"}],"version-history":[{"count":0,"href":"https:\/\/torseed.eu\/ru\/wp-json\/wp\/v2\/product\/30543\/revisions"}],"wp:featuredmedia":[{"embeddable":true,"href":"https:\/\/torseed.eu\/ru\/wp-json\/wp\/v2\/media\/17937"}],"wp:attachment":[{"href":"https:\/\/torseed.eu\/ru\/wp-json\/wp\/v2\/media?parent=30543"}],"wp:term":[{"taxonomy":"product_cat","embeddable":true,"href":"https:\/\/torseed.eu\/ru\/wp-json\/wp\/v2\/product_cat?post=30543"},{"taxonomy":"product_tag","embeddable":true,"href":"https:\/\/torseed.eu\/ru\/wp-json\/wp\/v2\/product_tag?post=30543"}],"curies":[{"name":"wp","href":"https:\/\/api.w.org\/{rel}","templated":true}]}}