{"id":30547,"date":"2022-06-15T06:23:58","date_gmt":"2022-06-15T06:23:58","guid":{"rendered":"https:\/\/refactor-second-attempt.torseed.dev.greenparrot.pl\/produkt\/trawa-dla-kota\/"},"modified":"2023-03-29T18:29:14","modified_gmt":"2023-03-29T18:29:14","slug":"trawa-dla-kota","status":"publish","type":"product","link":"https:\/\/torseed.eu\/ru\/produkt\/trawa-dla-kota\/","title":{"rendered":"Trawa dla kota"},"content":{"rendered":"<p>Trawa dla kota &#8211; Podgryzanie i jedzenie w niewielkich ilo\u015bciach \u017ad\u017abe\u0142 traw jest dla kot\u00f3w niejako procesem naturalnym. Dlaczego to robi\u0105? Najprawdopodobniej zawarty w nich b\u0142onnik wspomaga trawienie, poprzez oczyszczanie \u017co\u0142\u0105dka i jelit z niestrawionych resztek pokarmowych, g\u0142\u00f3wnie z sier\u015bci. Natomiast minera\u0142y, aminokwasy oraz chlorofil wspomagaj\u0105 funkcjonowanie ich organizm\u00f3w, szczeg\u00f3lnie uk\u0142adu odporno\u015bciowego. Kwas foliowy, kt\u00f3ry nie wyst\u0119puje w mi\u0119sie uczestniczy w wielu procesach fizjologicznych organizmu, mi\u0119dzy innymi w syntezie hemoglobiny. Wysiewa\u0107 mo\u017cna przez ca\u0142y rok w pomieszczeniach, w p\u0142ytkich pojemnikach, kuwetach na warstwie ligniny, utrzymuj\u0105c sta\u0142\u0105 wilgotno\u015b\u0107 nasion.<\/p>","protected":false},"excerpt":{"rendered":"<p>Trawa dla kota &#8211; Podgryzanie i jedzenie w niewielkich ilo\u015bciach \u017ad\u017abe\u0142 traw jest dla kot\u00f3w niejako procesem naturalnym. Dlaczego to robi\u0105? Najprawdopodobniej zawarty w nich b\u0142onnik wspomaga trawienie, poprzez oczyszczanie \u017co\u0142\u0105dka i jelit z niestrawionych resztek pokarmowych, g\u0142\u00f3wnie z sier\u015bci. Natomiast minera\u0142y, aminokwasy oraz chlorofil wspomagaj\u0105 funkcjonowanie ich organizm\u00f3w, szczeg\u00f3lnie uk\u0142adu odporno\u015bciowego. Kwas foliowy, kt\u00f3ry [&hellip;]<\/p>\n","protected":false},"featured_media":17946,"comment_status":"open","ping_status":"open","template":"","meta":{"inline_featured_image":false},"product_cat":[108,118,28],"product_tag":[],"acf":[],"featured_image":"https:\/\/torseed.eu\/app\/uploads\/2023\/03\/9123.jpg","_links":{"self":[{"href":"https:\/\/torseed.eu\/ru\/wp-json\/wp\/v2\/product\/30547"}],"collection":[{"href":"https:\/\/torseed.eu\/ru\/wp-json\/wp\/v2\/product"}],"about":[{"href":"https:\/\/torseed.eu\/ru\/wp-json\/wp\/v2\/types\/product"}],"replies":[{"embeddable":true,"href":"https:\/\/torseed.eu\/ru\/wp-json\/wp\/v2\/comments?post=30547"}],"version-history":[{"count":0,"href":"https:\/\/torseed.eu\/ru\/wp-json\/wp\/v2\/product\/30547\/revisions"}],"wp:featuredmedia":[{"embeddable":true,"href":"https:\/\/torseed.eu\/ru\/wp-json\/wp\/v2\/media\/17946"}],"wp:attachment":[{"href":"https:\/\/torseed.eu\/ru\/wp-json\/wp\/v2\/media?parent=30547"}],"wp:term":[{"taxonomy":"product_cat","embeddable":true,"href":"https:\/\/torseed.eu\/ru\/wp-json\/wp\/v2\/product_cat?post=30547"},{"taxonomy":"product_tag","embeddable":true,"href":"https:\/\/torseed.eu\/ru\/wp-json\/wp\/v2\/product_tag?post=30547"}],"curies":[{"name":"wp","href":"https:\/\/api.w.org\/{rel}","templated":true}]}}