{"id":30548,"date":"2022-06-15T06:25:21","date_gmt":"2022-06-15T06:25:21","guid":{"rendered":"https:\/\/refactor-second-attempt.torseed.dev.greenparrot.pl\/produkt\/nasiona-na-kielki-mieszanka-zdrowie-i-uroda\/"},"modified":"2023-03-29T18:29:15","modified_gmt":"2023-03-29T18:29:15","slug":"nasiona-na-kielki-mieszanka-zdrowie-i-uroda","status":"publish","type":"product","link":"https:\/\/torseed.eu\/ru\/produkt\/nasiona-na-kielki-mieszanka-zdrowie-i-uroda\/","title":{"rendered":"Nasiona na kie\u0142ki mieszanka zdrowie i uroda"},"content":{"rendered":"\n<p>W jej sk\u0142ad wchodz\u0105 miedzy innymi: siemi\u0119 lniane, rukola, brukiew, mizuna, kozieradka, rzodkiewka, portulaka i lucerna. Kie\u0142ki tej mieszanki zawieraj\u0105 ca\u0142e spektrum witamin, sk\u0142adnik\u00f3w mineralnych, aminokwas\u00f3w, b\u0142onnika oraz wielu innych sk\u0142adnik\u00f3w biologicznie aktywnych. Tak szeroki sk\u0142ad tej mieszanki stymuluje i usprawnia dzia\u0142anie wielu funkcji fizjologicznych organizmu cz\u0142owieka. Poprawia funkcjonowanie uk\u0142adu odporno\u015bciowego i nerwowego, uk\u0142adu kr\u0105\u017cenia, wykazuje tak\u017ce dzia\u0142anie antynowotworowe. Sk\u0142adniki od\u017cywcze w tej mieszance wykazuj\u0105 bardzo korzystne oddzia\u0142ywanie na sk\u00f3r\u0119, w\u0142osy i paznokcie, a tak\u017ce na uk\u0142ad kostno-stawowy.<\/p>\n","protected":false},"excerpt":{"rendered":"<p>W jej sk\u0142ad wchodz\u0105 miedzy innymi: siemi\u0119 lniane, rukola, brukiew, mizuna, kozieradka, rzodkiewka, portulaka i lucerna. Kie\u0142ki tej mieszanki zawieraj\u0105 ca\u0142e spektrum witamin, sk\u0142adnik\u00f3w mineralnych, aminokwas\u00f3w, b\u0142onnika oraz wielu innych sk\u0142adnik\u00f3w biologicznie aktywnych. Tak szeroki sk\u0142ad tej mieszanki stymuluje i usprawnia dzia\u0142anie wielu funkcji fizjologicznych organizmu cz\u0142owieka. Poprawia funkcjonowanie uk\u0142adu odporno\u015bciowego i nerwowego, uk\u0142adu kr\u0105\u017cenia, [&hellip;]<\/p>\n","protected":false},"featured_media":27592,"comment_status":"open","ping_status":"closed","template":"","meta":{"inline_featured_image":false},"product_cat":[100,104,28],"product_tag":[],"acf":[],"featured_image":"https:\/\/torseed.eu\/app\/uploads\/2023\/03\/9484.jpg","_links":{"self":[{"href":"https:\/\/torseed.eu\/ru\/wp-json\/wp\/v2\/product\/30548"}],"collection":[{"href":"https:\/\/torseed.eu\/ru\/wp-json\/wp\/v2\/product"}],"about":[{"href":"https:\/\/torseed.eu\/ru\/wp-json\/wp\/v2\/types\/product"}],"replies":[{"embeddable":true,"href":"https:\/\/torseed.eu\/ru\/wp-json\/wp\/v2\/comments?post=30548"}],"version-history":[{"count":0,"href":"https:\/\/torseed.eu\/ru\/wp-json\/wp\/v2\/product\/30548\/revisions"}],"wp:featuredmedia":[{"embeddable":true,"href":"https:\/\/torseed.eu\/ru\/wp-json\/wp\/v2\/media\/27592"}],"wp:attachment":[{"href":"https:\/\/torseed.eu\/ru\/wp-json\/wp\/v2\/media?parent=30548"}],"wp:term":[{"taxonomy":"product_cat","embeddable":true,"href":"https:\/\/torseed.eu\/ru\/wp-json\/wp\/v2\/product_cat?post=30548"},{"taxonomy":"product_tag","embeddable":true,"href":"https:\/\/torseed.eu\/ru\/wp-json\/wp\/v2\/product_tag?post=30548"}],"curies":[{"name":"wp","href":"https:\/\/api.w.org\/{rel}","templated":true}]}}