{"id":30558,"date":"2022-06-15T06:34:16","date_gmt":"2022-06-15T06:34:16","guid":{"rendered":"https:\/\/refactor-second-attempt.torseed.dev.greenparrot.pl\/produkt\/petunia-fryzowana-strzepiasta-zorza-wieczorna-rozowa\/"},"modified":"2023-03-29T18:29:23","modified_gmt":"2023-03-29T18:29:23","slug":"petunia-fryzowana-strzepiasta-zorza-wieczorna-rozowa","status":"publish","type":"product","link":"https:\/\/torseed.eu\/ru\/produkt\/petunia-fryzowana-strzepiasta-zorza-wieczorna-rozowa\/","title":{"rendered":"Petunia fryzowana (strz\u0119piasta) Zorza Wieczorna &#8211; r\u00f3\u017cowa"},"content":{"rendered":"<p>Ro\u015blina jednoroczna o kwiatach w kszta\u0142cie kielich\u00f3w, obficie kwitn\u0105ca. Wymaga dokarmiania. Zastosowanie: do wisz\u0105cych doniczek, na balkony.<\/p>","protected":false},"excerpt":{"rendered":"<p>Ro\u015blina jednoroczna o kwiatach w kszta\u0142cie kielich\u00f3w, obficie kwitn\u0105ca. Wymaga dokarmiania. Zastosowanie: do wisz\u0105cych doniczek, na balkony.<\/p>\n","protected":false},"featured_media":19339,"comment_status":"open","ping_status":"open","template":"","meta":{"inline_featured_image":false},"product_cat":[96,90],"product_tag":[],"acf":[],"featured_image":"https:\/\/torseed.eu\/app\/uploads\/2023\/03\/1309.jpg","_links":{"self":[{"href":"https:\/\/torseed.eu\/ru\/wp-json\/wp\/v2\/product\/30558"}],"collection":[{"href":"https:\/\/torseed.eu\/ru\/wp-json\/wp\/v2\/product"}],"about":[{"href":"https:\/\/torseed.eu\/ru\/wp-json\/wp\/v2\/types\/product"}],"replies":[{"embeddable":true,"href":"https:\/\/torseed.eu\/ru\/wp-json\/wp\/v2\/comments?post=30558"}],"version-history":[{"count":0,"href":"https:\/\/torseed.eu\/ru\/wp-json\/wp\/v2\/product\/30558\/revisions"}],"wp:featuredmedia":[{"embeddable":true,"href":"https:\/\/torseed.eu\/ru\/wp-json\/wp\/v2\/media\/19339"}],"wp:attachment":[{"href":"https:\/\/torseed.eu\/ru\/wp-json\/wp\/v2\/media?parent=30558"}],"wp:term":[{"taxonomy":"product_cat","embeddable":true,"href":"https:\/\/torseed.eu\/ru\/wp-json\/wp\/v2\/product_cat?post=30558"},{"taxonomy":"product_tag","embeddable":true,"href":"https:\/\/torseed.eu\/ru\/wp-json\/wp\/v2\/product_tag?post=30558"}],"curies":[{"name":"wp","href":"https:\/\/api.w.org\/{rel}","templated":true}]}}