{"id":30567,"date":"2022-06-15T06:34:08","date_gmt":"2022-06-15T06:34:08","guid":{"rendered":"https:\/\/refactor-second-attempt.torseed.dev.greenparrot.pl\/produkt\/pantofelnik-mieszanka\/"},"modified":"2023-03-29T18:29:40","modified_gmt":"2023-03-29T18:29:40","slug":"pantofelnik-mieszanka","status":"publish","type":"product","link":"https:\/\/torseed.eu\/ru\/produkt\/pantofelnik-mieszanka\/","title":{"rendered":"Pantofelnik mieszanka"},"content":{"rendered":"\n<p>Ro\u015blina szklarniowa o ozdobnych, r\u00f3\u017cnobarwnych kwiatach. Nasiona s\u0105 drobne, dlatego nie nale\u017cy ich przykrywa\u0107 ziemi\u0105. Zastosowanie: do doniczek.<\/p>\n","protected":false},"excerpt":{"rendered":"<p>Ro\u015blina szklarniowa o ozdobnych, r\u00f3\u017cnobarwnych kwiatach. Nasiona s\u0105 drobne, dlatego nie nale\u017cy ich przykrywa\u0107 ziemi\u0105. Zastosowanie: do doniczek.<\/p>\n","protected":false},"featured_media":19312,"comment_status":"open","ping_status":"open","template":"","meta":{"inline_featured_image":false},"product_cat":[90,96],"product_tag":[],"acf":[],"featured_image":"https:\/\/torseed.eu\/app\/uploads\/2023\/03\/8321.jpg","_links":{"self":[{"href":"https:\/\/torseed.eu\/ru\/wp-json\/wp\/v2\/product\/30567"}],"collection":[{"href":"https:\/\/torseed.eu\/ru\/wp-json\/wp\/v2\/product"}],"about":[{"href":"https:\/\/torseed.eu\/ru\/wp-json\/wp\/v2\/types\/product"}],"replies":[{"embeddable":true,"href":"https:\/\/torseed.eu\/ru\/wp-json\/wp\/v2\/comments?post=30567"}],"version-history":[{"count":0,"href":"https:\/\/torseed.eu\/ru\/wp-json\/wp\/v2\/product\/30567\/revisions"}],"wp:featuredmedia":[{"embeddable":true,"href":"https:\/\/torseed.eu\/ru\/wp-json\/wp\/v2\/media\/19312"}],"wp:attachment":[{"href":"https:\/\/torseed.eu\/ru\/wp-json\/wp\/v2\/media?parent=30567"}],"wp:term":[{"taxonomy":"product_cat","embeddable":true,"href":"https:\/\/torseed.eu\/ru\/wp-json\/wp\/v2\/product_cat?post=30567"},{"taxonomy":"product_tag","embeddable":true,"href":"https:\/\/torseed.eu\/ru\/wp-json\/wp\/v2\/product_tag?post=30567"}],"curies":[{"name":"wp","href":"https:\/\/api.w.org\/{rel}","templated":true}]}}