{"id":30570,"date":"2022-06-15T06:34:00","date_gmt":"2022-06-15T06:34:00","guid":{"rendered":"https:\/\/refactor-second-attempt.torseed.dev.greenparrot.pl\/produkt\/gloksynia-mieszanka\/"},"modified":"2023-03-29T18:29:43","modified_gmt":"2023-03-29T18:29:43","slug":"gloksynia-mieszanka","status":"publish","type":"product","link":"https:\/\/torseed.eu\/ru\/produkt\/gloksynia-mieszanka\/","title":{"rendered":"Gloksynia mieszanka"},"content":{"rendered":"\n<p>Gloksynia jest ro\u015blin\u0105 doniczkow\u0105. Wysiew nasion listopad-grudzie\u0144 lub stycze\u0144-luty do skrzyneczek w ziemi\u0119 li\u015bciow\u0105 z domieszk\u0105 torfu i piasku. Wymaga trzykrotnego pikowania w odst\u0119pach 3-4 tygodni, nast\u0119pnie nale\u017cy ro\u015bliny przesadzi\u0107 do doniczek. Kwitnie obficie od kwietnia do sierpnia w zale\u017cno\u015bci od terminu siewu.<\/p>\n","protected":false},"excerpt":{"rendered":"<p>Gloksynia jest ro\u015blin\u0105 doniczkow\u0105. Wysiew nasion listopad-grudzie\u0144 lub stycze\u0144-luty do skrzyneczek w ziemi\u0119 li\u015bciow\u0105 z domieszk\u0105 torfu i piasku. Wymaga trzykrotnego pikowania w odst\u0119pach 3-4 tygodni, nast\u0119pnie nale\u017cy ro\u015bliny przesadzi\u0107 do doniczek. Kwitnie obficie od kwietnia do sierpnia w zale\u017cno\u015bci od terminu siewu.<\/p>\n","protected":false},"featured_media":19303,"comment_status":"open","ping_status":"open","template":"","meta":{"inline_featured_image":false},"product_cat":[90,96],"product_tag":[],"acf":[],"featured_image":"https:\/\/torseed.eu\/app\/uploads\/2023\/03\/8991.jpg","_links":{"self":[{"href":"https:\/\/torseed.eu\/ru\/wp-json\/wp\/v2\/product\/30570"}],"collection":[{"href":"https:\/\/torseed.eu\/ru\/wp-json\/wp\/v2\/product"}],"about":[{"href":"https:\/\/torseed.eu\/ru\/wp-json\/wp\/v2\/types\/product"}],"replies":[{"embeddable":true,"href":"https:\/\/torseed.eu\/ru\/wp-json\/wp\/v2\/comments?post=30570"}],"version-history":[{"count":0,"href":"https:\/\/torseed.eu\/ru\/wp-json\/wp\/v2\/product\/30570\/revisions"}],"wp:featuredmedia":[{"embeddable":true,"href":"https:\/\/torseed.eu\/ru\/wp-json\/wp\/v2\/media\/19303"}],"wp:attachment":[{"href":"https:\/\/torseed.eu\/ru\/wp-json\/wp\/v2\/media?parent=30570"}],"wp:term":[{"taxonomy":"product_cat","embeddable":true,"href":"https:\/\/torseed.eu\/ru\/wp-json\/wp\/v2\/product_cat?post=30570"},{"taxonomy":"product_tag","embeddable":true,"href":"https:\/\/torseed.eu\/ru\/wp-json\/wp\/v2\/product_tag?post=30570"}],"curies":[{"name":"wp","href":"https:\/\/api.w.org\/{rel}","templated":true}]}}