{"id":30575,"date":"2022-06-15T06:33:55","date_gmt":"2022-06-15T06:33:55","guid":{"rendered":"https:\/\/refactor-second-attempt.torseed.dev.greenparrot.pl\/produkt\/begonia-stale-kwitnaca-karminowoszkarlatna\/"},"modified":"2023-03-29T18:29:47","modified_gmt":"2023-03-29T18:29:47","slug":"begonia-stale-kwitnaca-karminowoszkarlatna","status":"publish","type":"product","link":"https:\/\/torseed.eu\/ru\/produkt\/begonia-stale-kwitnaca-karminowoszkarlatna\/","title":{"rendered":"Begonia stale kwitn\u0105ca karminowoszkar\u0142atna"},"content":{"rendered":"\n<p>Ro\u015blina o licznych, drobnych kwiatach. Wymaga gleby \u017cyznej i pr\u00f3chnicznej. Zastosowanie: na balkony, rabaty, do uprawy w doniczkach.<\/p>\n","protected":false},"excerpt":{"rendered":"<p>Ro\u015blina o licznych, drobnych kwiatach. Wymaga gleby \u017cyznej i pr\u00f3chnicznej. Zastosowanie: na balkony, rabaty, do uprawy w doniczkach.<\/p>\n","protected":false},"featured_media":19285,"comment_status":"open","ping_status":"open","template":"","meta":{"inline_featured_image":false},"product_cat":[90,96],"product_tag":[],"acf":[],"featured_image":"https:\/\/torseed.eu\/app\/uploads\/2023\/03\/9096.jpg","_links":{"self":[{"href":"https:\/\/torseed.eu\/ru\/wp-json\/wp\/v2\/product\/30575"}],"collection":[{"href":"https:\/\/torseed.eu\/ru\/wp-json\/wp\/v2\/product"}],"about":[{"href":"https:\/\/torseed.eu\/ru\/wp-json\/wp\/v2\/types\/product"}],"replies":[{"embeddable":true,"href":"https:\/\/torseed.eu\/ru\/wp-json\/wp\/v2\/comments?post=30575"}],"version-history":[{"count":0,"href":"https:\/\/torseed.eu\/ru\/wp-json\/wp\/v2\/product\/30575\/revisions"}],"wp:featuredmedia":[{"embeddable":true,"href":"https:\/\/torseed.eu\/ru\/wp-json\/wp\/v2\/media\/19285"}],"wp:attachment":[{"href":"https:\/\/torseed.eu\/ru\/wp-json\/wp\/v2\/media?parent=30575"}],"wp:term":[{"taxonomy":"product_cat","embeddable":true,"href":"https:\/\/torseed.eu\/ru\/wp-json\/wp\/v2\/product_cat?post=30575"},{"taxonomy":"product_tag","embeddable":true,"href":"https:\/\/torseed.eu\/ru\/wp-json\/wp\/v2\/product_tag?post=30575"}],"curies":[{"name":"wp","href":"https:\/\/api.w.org\/{rel}","templated":true}]}}