{"id":30586,"date":"2022-06-15T06:33:41","date_gmt":"2022-06-15T06:33:41","guid":{"rendered":"https:\/\/refactor-second-attempt.torseed.dev.greenparrot.pl\/produkt\/trojesc-pomaranczowa\/"},"modified":"2023-03-29T18:30:08","modified_gmt":"2023-03-29T18:30:08","slug":"trojesc-pomaranczowa","status":"publish","type":"product","link":"https:\/\/torseed.eu\/ru\/produkt\/trojesc-pomaranczowa\/","title":{"rendered":"Troje\u015b\u0107 pomara\u0144czowa"},"content":{"rendered":"<p>Bylina o pomara\u0144czowych drobnych kwiatach, zebranych w baldachy. Wymaga gleby pr\u00f3chnicznej, przepuszczalnej. Zastosowanie: na kwiat ci\u0119ty, rabaty i do grup bylinowych.<\/p>","protected":false},"excerpt":{"rendered":"<p>Bylina o pomara\u0144czowych drobnych kwiatach, zebranych w baldachy. Wymaga gleby pr\u00f3chnicznej, przepuszczalnej. Zastosowanie: na kwiat ci\u0119ty, rabaty i do grup bylinowych.<\/p>\n","protected":false},"featured_media":19258,"comment_status":"open","ping_status":"open","template":"","meta":{"inline_featured_image":false},"product_cat":[90,92],"product_tag":[],"acf":[],"featured_image":"https:\/\/torseed.eu\/app\/uploads\/2023\/03\/9094.jpg","_links":{"self":[{"href":"https:\/\/torseed.eu\/ru\/wp-json\/wp\/v2\/product\/30586"}],"collection":[{"href":"https:\/\/torseed.eu\/ru\/wp-json\/wp\/v2\/product"}],"about":[{"href":"https:\/\/torseed.eu\/ru\/wp-json\/wp\/v2\/types\/product"}],"replies":[{"embeddable":true,"href":"https:\/\/torseed.eu\/ru\/wp-json\/wp\/v2\/comments?post=30586"}],"version-history":[{"count":0,"href":"https:\/\/torseed.eu\/ru\/wp-json\/wp\/v2\/product\/30586\/revisions"}],"wp:featuredmedia":[{"embeddable":true,"href":"https:\/\/torseed.eu\/ru\/wp-json\/wp\/v2\/media\/19258"}],"wp:attachment":[{"href":"https:\/\/torseed.eu\/ru\/wp-json\/wp\/v2\/media?parent=30586"}],"wp:term":[{"taxonomy":"product_cat","embeddable":true,"href":"https:\/\/torseed.eu\/ru\/wp-json\/wp\/v2\/product_cat?post=30586"},{"taxonomy":"product_tag","embeddable":true,"href":"https:\/\/torseed.eu\/ru\/wp-json\/wp\/v2\/product_tag?post=30586"}],"curies":[{"name":"wp","href":"https:\/\/api.w.org\/{rel}","templated":true}]}}