{"id":30588,"date":"2022-06-15T06:33:34","date_gmt":"2022-06-15T06:33:34","guid":{"rendered":"https:\/\/refactor-second-attempt.torseed.dev.greenparrot.pl\/produkt\/szczec-bezowa\/"},"modified":"2023-03-29T18:30:10","modified_gmt":"2023-03-29T18:30:10","slug":"szczec-bezowa","status":"publish","type":"product","link":"https:\/\/torseed.eu\/ru\/produkt\/szczec-bezowa\/","title":{"rendered":"Szcze\u0107 be\u017cowa"},"content":{"rendered":"<p>Ro\u015blina dwuletnia o du\u017cych kwiatach w kszta\u0142cie szyszki. Wymaga gleby o odczynie  oboj\u0119tnym. Zastosowanie: do suchych bukiet\u00f3w.<\/p>","protected":false},"excerpt":{"rendered":"<p>Ro\u015blina dwuletnia o du\u017cych kwiatach w kszta\u0142cie szyszki. Wymaga gleby o odczynie oboj\u0119tnym. Zastosowanie: do suchych bukiet\u00f3w.<\/p>\n","protected":false},"featured_media":19249,"comment_status":"open","ping_status":"open","template":"","meta":{"inline_featured_image":false},"product_cat":[92,90],"product_tag":[],"acf":[],"featured_image":"https:\/\/torseed.eu\/app\/uploads\/2023\/03\/8860.jpg","_links":{"self":[{"href":"https:\/\/torseed.eu\/ru\/wp-json\/wp\/v2\/product\/30588"}],"collection":[{"href":"https:\/\/torseed.eu\/ru\/wp-json\/wp\/v2\/product"}],"about":[{"href":"https:\/\/torseed.eu\/ru\/wp-json\/wp\/v2\/types\/product"}],"replies":[{"embeddable":true,"href":"https:\/\/torseed.eu\/ru\/wp-json\/wp\/v2\/comments?post=30588"}],"version-history":[{"count":0,"href":"https:\/\/torseed.eu\/ru\/wp-json\/wp\/v2\/product\/30588\/revisions"}],"wp:featuredmedia":[{"embeddable":true,"href":"https:\/\/torseed.eu\/ru\/wp-json\/wp\/v2\/media\/19249"}],"wp:attachment":[{"href":"https:\/\/torseed.eu\/ru\/wp-json\/wp\/v2\/media?parent=30588"}],"wp:term":[{"taxonomy":"product_cat","embeddable":true,"href":"https:\/\/torseed.eu\/ru\/wp-json\/wp\/v2\/product_cat?post=30588"},{"taxonomy":"product_tag","embeddable":true,"href":"https:\/\/torseed.eu\/ru\/wp-json\/wp\/v2\/product_tag?post=30588"}],"curies":[{"name":"wp","href":"https:\/\/api.w.org\/{rel}","templated":true}]}}