{"id":30590,"date":"2022-06-15T06:33:32","date_gmt":"2022-06-15T06:33:32","guid":{"rendered":"https:\/\/refactor-second-attempt.torseed.dev.greenparrot.pl\/produkt\/stokrotka-pomponowa-mieszanka\/"},"modified":"2023-03-29T18:30:12","modified_gmt":"2023-03-29T18:30:12","slug":"stokrotka-pomponowa-mieszanka","status":"publish","type":"product","link":"https:\/\/torseed.eu\/ru\/produkt\/stokrotka-pomponowa-mieszanka\/","title":{"rendered":"Stokrotka pomponowa mieszanka"},"content":{"rendered":"<p>Ro\u015blina dwuletnia o niedu\u017cych, bardzo pe\u0142nych kwiatach. Wymaga gleby \u017cyznej. Zastosowanie: na rabaty, obw\u00f3dki, na kwiat ci\u0119ty.<\/p>","protected":false},"excerpt":{"rendered":"<p>Ro\u015blina dwuletnia o niedu\u017cych, bardzo pe\u0142nych kwiatach. Wymaga gleby \u017cyznej. Zastosowanie: na rabaty, obw\u00f3dki, na kwiat ci\u0119ty.<\/p>\n","protected":false},"featured_media":19243,"comment_status":"open","ping_status":"open","template":"","meta":{"inline_featured_image":false},"product_cat":[92,90],"product_tag":[],"acf":[],"featured_image":"https:\/\/torseed.eu\/app\/uploads\/2023\/03\/1242.jpg","_links":{"self":[{"href":"https:\/\/torseed.eu\/ru\/wp-json\/wp\/v2\/product\/30590"}],"collection":[{"href":"https:\/\/torseed.eu\/ru\/wp-json\/wp\/v2\/product"}],"about":[{"href":"https:\/\/torseed.eu\/ru\/wp-json\/wp\/v2\/types\/product"}],"replies":[{"embeddable":true,"href":"https:\/\/torseed.eu\/ru\/wp-json\/wp\/v2\/comments?post=30590"}],"version-history":[{"count":0,"href":"https:\/\/torseed.eu\/ru\/wp-json\/wp\/v2\/product\/30590\/revisions"}],"wp:featuredmedia":[{"embeddable":true,"href":"https:\/\/torseed.eu\/ru\/wp-json\/wp\/v2\/media\/19243"}],"wp:attachment":[{"href":"https:\/\/torseed.eu\/ru\/wp-json\/wp\/v2\/media?parent=30590"}],"wp:term":[{"taxonomy":"product_cat","embeddable":true,"href":"https:\/\/torseed.eu\/ru\/wp-json\/wp\/v2\/product_cat?post=30590"},{"taxonomy":"product_tag","embeddable":true,"href":"https:\/\/torseed.eu\/ru\/wp-json\/wp\/v2\/product_tag?post=30590"}],"curies":[{"name":"wp","href":"https:\/\/api.w.org\/{rel}","templated":true}]}}