{"id":30592,"date":"2022-06-15T06:33:30","date_gmt":"2022-06-15T06:33:30","guid":{"rendered":"https:\/\/refactor-second-attempt.torseed.dev.greenparrot.pl\/produkt\/stokrotka-lakowa-dzika-biala\/"},"modified":"2023-03-29T18:30:14","modified_gmt":"2023-03-29T18:30:14","slug":"stokrotka-lakowa-dzika-biala","status":"publish","type":"product","link":"https:\/\/torseed.eu\/ru\/produkt\/stokrotka-lakowa-dzika-biala\/","title":{"rendered":"Stokrotka \u0142\u0105kowa (dzika) bia\u0142a"},"content":{"rendered":"<p>Ro\u015blina dwuletnia wysoko\u015bci 10-15 cm o licznych, pojedynczych, bia\u0142ych kwiatach. Wspaniale koloryzuje trawniki oraz naturalistyczne formy ogrod\u00f3w. Na ju\u017c istniej\u0105cych trawnikach nasiona wysiewa\u0107 najlepiej wczesn\u0105 wiosn\u0105, za\u015b do wysadzania ro\u015blin nasiona wysiewa\u0107 w lipcu do skrzynek lub na rozsadniku. Stanowisko s\u0142oneczne lub p\u00f3\u0142cieniste. Ma\u0142o wymagaj\u0105ca w stosunku do zasobno\u015bci gleby.<\/p>","protected":false},"excerpt":{"rendered":"<p>Ro\u015blina dwuletnia wysoko\u015bci 10-15 cm o licznych, pojedynczych, bia\u0142ych kwiatach. Wspaniale koloryzuje trawniki oraz naturalistyczne formy ogrod\u00f3w. Na ju\u017c istniej\u0105cych trawnikach nasiona wysiewa\u0107 najlepiej wczesn\u0105 wiosn\u0105, za\u015b do wysadzania ro\u015blin nasiona wysiewa\u0107 w lipcu do skrzynek lub na rozsadniku. Stanowisko s\u0142oneczne lub p\u00f3\u0142cieniste. Ma\u0142o wymagaj\u0105ca w stosunku do zasobno\u015bci gleby.<\/p>\n","protected":false},"featured_media":29427,"comment_status":"open","ping_status":"closed","template":"","meta":{"inline_featured_image":false},"product_cat":[92,90],"product_tag":[],"acf":[],"featured_image":"https:\/\/torseed.eu\/app\/uploads\/2023\/03\/7224.jpg","_links":{"self":[{"href":"https:\/\/torseed.eu\/ru\/wp-json\/wp\/v2\/product\/30592"}],"collection":[{"href":"https:\/\/torseed.eu\/ru\/wp-json\/wp\/v2\/product"}],"about":[{"href":"https:\/\/torseed.eu\/ru\/wp-json\/wp\/v2\/types\/product"}],"replies":[{"embeddable":true,"href":"https:\/\/torseed.eu\/ru\/wp-json\/wp\/v2\/comments?post=30592"}],"version-history":[{"count":0,"href":"https:\/\/torseed.eu\/ru\/wp-json\/wp\/v2\/product\/30592\/revisions"}],"wp:featuredmedia":[{"embeddable":true,"href":"https:\/\/torseed.eu\/ru\/wp-json\/wp\/v2\/media\/29427"}],"wp:attachment":[{"href":"https:\/\/torseed.eu\/ru\/wp-json\/wp\/v2\/media?parent=30592"}],"wp:term":[{"taxonomy":"product_cat","embeddable":true,"href":"https:\/\/torseed.eu\/ru\/wp-json\/wp\/v2\/product_cat?post=30592"},{"taxonomy":"product_tag","embeddable":true,"href":"https:\/\/torseed.eu\/ru\/wp-json\/wp\/v2\/product_tag?post=30592"}],"curies":[{"name":"wp","href":"https:\/\/api.w.org\/{rel}","templated":true}]}}