{"id":30594,"date":"2022-06-15T06:33:29","date_gmt":"2022-06-15T06:33:29","guid":{"rendered":"https:\/\/refactor-second-attempt.torseed.dev.greenparrot.pl\/produkt\/smolka-pospolita-rozowa\/"},"modified":"2023-03-29T18:30:15","modified_gmt":"2023-03-29T18:30:15","slug":"smolka-pospolita-rozowa","status":"publish","type":"product","link":"https:\/\/torseed.eu\/ru\/produkt\/smolka-pospolita-rozowa\/","title":{"rendered":"Sm\u00f3\u0142ka pospolita r\u00f3\u017cowa"},"content":{"rendered":"<p>Bylina o kwiatach zebranych w wiechowate kwiatostany. Wymaga gleby przepuszczalnej. Zastosowanie: na kwiat ci\u0119ty, rabaty, do ogr\u00f3dk\u00f3w skalnych.<\/p>","protected":false},"excerpt":{"rendered":"<p>Bylina o kwiatach zebranych w wiechowate kwiatostany. Wymaga gleby przepuszczalnej. Zastosowanie: na kwiat ci\u0119ty, rabaty, do ogr\u00f3dk\u00f3w skalnych.<\/p>\n","protected":false},"featured_media":19231,"comment_status":"open","ping_status":"open","template":"","meta":{"inline_featured_image":false},"product_cat":[90,92],"product_tag":[],"acf":[],"featured_image":"https:\/\/torseed.eu\/app\/uploads\/2023\/03\/1237.jpg","_links":{"self":[{"href":"https:\/\/torseed.eu\/ru\/wp-json\/wp\/v2\/product\/30594"}],"collection":[{"href":"https:\/\/torseed.eu\/ru\/wp-json\/wp\/v2\/product"}],"about":[{"href":"https:\/\/torseed.eu\/ru\/wp-json\/wp\/v2\/types\/product"}],"replies":[{"embeddable":true,"href":"https:\/\/torseed.eu\/ru\/wp-json\/wp\/v2\/comments?post=30594"}],"version-history":[{"count":0,"href":"https:\/\/torseed.eu\/ru\/wp-json\/wp\/v2\/product\/30594\/revisions"}],"wp:featuredmedia":[{"embeddable":true,"href":"https:\/\/torseed.eu\/ru\/wp-json\/wp\/v2\/media\/19231"}],"wp:attachment":[{"href":"https:\/\/torseed.eu\/ru\/wp-json\/wp\/v2\/media?parent=30594"}],"wp:term":[{"taxonomy":"product_cat","embeddable":true,"href":"https:\/\/torseed.eu\/ru\/wp-json\/wp\/v2\/product_cat?post=30594"},{"taxonomy":"product_tag","embeddable":true,"href":"https:\/\/torseed.eu\/ru\/wp-json\/wp\/v2\/product_tag?post=30594"}],"curies":[{"name":"wp","href":"https:\/\/api.w.org\/{rel}","templated":true}]}}