{"id":30595,"date":"2022-06-15T06:33:28","date_gmt":"2022-06-15T06:33:28","guid":{"rendered":"https:\/\/refactor-second-attempt.torseed.dev.greenparrot.pl\/produkt\/sloneczniczek-zolty\/"},"modified":"2023-03-29T18:30:16","modified_gmt":"2023-03-29T18:30:16","slug":"sloneczniczek-zolty","status":"publish","type":"product","link":"https:\/\/torseed.eu\/ru\/produkt\/sloneczniczek-zolty\/","title":{"rendered":"S\u0142oneczniczek \u017c\u00f3\u0142ty"},"content":{"rendered":"<p>Bylina o z\u0142oto\u017c\u00f3\u0142tych, p\u00f3\u0142pe\u0142nych kwiatach. Zastosowanie: na rabaty, na kwiat ci\u0119ty i szpalery.<\/p>","protected":false},"excerpt":{"rendered":"<p>Bylina o z\u0142oto\u017c\u00f3\u0142tych, p\u00f3\u0142pe\u0142nych kwiatach. Zastosowanie: na rabaty, na kwiat ci\u0119ty i szpalery.<\/p>\n","protected":false},"featured_media":19225,"comment_status":"open","ping_status":"open","template":"","meta":{"inline_featured_image":false},"product_cat":[92,90],"product_tag":[],"acf":[],"featured_image":"https:\/\/torseed.eu\/app\/uploads\/2023\/03\/1233.jpg","_links":{"self":[{"href":"https:\/\/torseed.eu\/ru\/wp-json\/wp\/v2\/product\/30595"}],"collection":[{"href":"https:\/\/torseed.eu\/ru\/wp-json\/wp\/v2\/product"}],"about":[{"href":"https:\/\/torseed.eu\/ru\/wp-json\/wp\/v2\/types\/product"}],"replies":[{"embeddable":true,"href":"https:\/\/torseed.eu\/ru\/wp-json\/wp\/v2\/comments?post=30595"}],"version-history":[{"count":0,"href":"https:\/\/torseed.eu\/ru\/wp-json\/wp\/v2\/product\/30595\/revisions"}],"wp:featuredmedia":[{"embeddable":true,"href":"https:\/\/torseed.eu\/ru\/wp-json\/wp\/v2\/media\/19225"}],"wp:attachment":[{"href":"https:\/\/torseed.eu\/ru\/wp-json\/wp\/v2\/media?parent=30595"}],"wp:term":[{"taxonomy":"product_cat","embeddable":true,"href":"https:\/\/torseed.eu\/ru\/wp-json\/wp\/v2\/product_cat?post=30595"},{"taxonomy":"product_tag","embeddable":true,"href":"https:\/\/torseed.eu\/ru\/wp-json\/wp\/v2\/product_tag?post=30595"}],"curies":[{"name":"wp","href":"https:\/\/api.w.org\/{rel}","templated":true}]}}