{"id":30596,"date":"2022-06-15T06:33:28","date_gmt":"2022-06-15T06:33:28","guid":{"rendered":"https:\/\/refactor-second-attempt.torseed.dev.greenparrot.pl\/produkt\/smagliczka-skalna-zolta\/"},"modified":"2023-03-29T18:30:17","modified_gmt":"2023-03-29T18:30:17","slug":"smagliczka-skalna-zolta","status":"publish","type":"product","link":"https:\/\/torseed.eu\/ru\/produkt\/smagliczka-skalna-zolta\/","title":{"rendered":"Smagliczka skalna \u017c\u00f3\u0142ta"},"content":{"rendered":"<p>Bylina o drobnych, \u017c\u00f3\u0142tych kwiatach. Wymaga gleby suchej, wapiennej. Zastosowanie: na obw\u00f3dki, rabaty.<\/p>","protected":false},"excerpt":{"rendered":"<p>Bylina o drobnych, \u017c\u00f3\u0142tych kwiatach. Wymaga gleby suchej, wapiennej. Zastosowanie: na obw\u00f3dki, rabaty.<\/p>\n","protected":false},"featured_media":19228,"comment_status":"open","ping_status":"open","template":"","meta":{"inline_featured_image":false},"product_cat":[90,92],"product_tag":[],"acf":[],"featured_image":"https:\/\/torseed.eu\/app\/uploads\/2023\/03\/1235.jpg","_links":{"self":[{"href":"https:\/\/torseed.eu\/ru\/wp-json\/wp\/v2\/product\/30596"}],"collection":[{"href":"https:\/\/torseed.eu\/ru\/wp-json\/wp\/v2\/product"}],"about":[{"href":"https:\/\/torseed.eu\/ru\/wp-json\/wp\/v2\/types\/product"}],"replies":[{"embeddable":true,"href":"https:\/\/torseed.eu\/ru\/wp-json\/wp\/v2\/comments?post=30596"}],"version-history":[{"count":0,"href":"https:\/\/torseed.eu\/ru\/wp-json\/wp\/v2\/product\/30596\/revisions"}],"wp:featuredmedia":[{"embeddable":true,"href":"https:\/\/torseed.eu\/ru\/wp-json\/wp\/v2\/media\/19228"}],"wp:attachment":[{"href":"https:\/\/torseed.eu\/ru\/wp-json\/wp\/v2\/media?parent=30596"}],"wp:term":[{"taxonomy":"product_cat","embeddable":true,"href":"https:\/\/torseed.eu\/ru\/wp-json\/wp\/v2\/product_cat?post=30596"},{"taxonomy":"product_tag","embeddable":true,"href":"https:\/\/torseed.eu\/ru\/wp-json\/wp\/v2\/product_tag?post=30596"}],"curies":[{"name":"wp","href":"https:\/\/api.w.org\/{rel}","templated":true}]}}