{"id":30605,"date":"2022-06-15T06:33:15","date_gmt":"2022-06-15T06:33:15","guid":{"rendered":"https:\/\/refactor-second-attempt.torseed.dev.greenparrot.pl\/produkt\/pierwiosnek-bezlodygowy-mieszanka\/"},"modified":"2023-03-29T18:30:37","modified_gmt":"2023-03-29T18:30:37","slug":"pierwiosnek-bezlodygowy-mieszanka","status":"publish","type":"product","link":"https:\/\/torseed.eu\/ru\/produkt\/pierwiosnek-bezlodygowy-mieszanka\/","title":{"rendered":"Pierwiosnek bez\u0142odygowy mieszanka"},"content":{"rendered":"<p>Bylina o\u00a0r\u00f3\u017cnobarwnych kwiatach. Wymaga gleby \u017cyznej, odpowiednio wilgotnej. Zastosowanie: na\u00a0rabaty, do\u00a0ogr\u00f3dk\u00f3w skalnych, do\u00a0doniczek. <\/p>","protected":false},"excerpt":{"rendered":"<p>Bylina o\u00a0r\u00f3\u017cnobarwnych kwiatach. Wymaga gleby \u017cyznej, odpowiednio wilgotnej. Zastosowanie: na\u00a0rabaty, do\u00a0ogr\u00f3dk\u00f3w skalnych, do\u00a0doniczek.<\/p>\n","protected":false},"featured_media":19195,"comment_status":"open","ping_status":"open","template":"","meta":{"inline_featured_image":false},"product_cat":[90,92],"product_tag":[],"acf":[],"featured_image":"https:\/\/torseed.eu\/app\/uploads\/2023\/03\/1205.jpg","_links":{"self":[{"href":"https:\/\/torseed.eu\/ru\/wp-json\/wp\/v2\/product\/30605"}],"collection":[{"href":"https:\/\/torseed.eu\/ru\/wp-json\/wp\/v2\/product"}],"about":[{"href":"https:\/\/torseed.eu\/ru\/wp-json\/wp\/v2\/types\/product"}],"replies":[{"embeddable":true,"href":"https:\/\/torseed.eu\/ru\/wp-json\/wp\/v2\/comments?post=30605"}],"version-history":[{"count":0,"href":"https:\/\/torseed.eu\/ru\/wp-json\/wp\/v2\/product\/30605\/revisions"}],"wp:featuredmedia":[{"embeddable":true,"href":"https:\/\/torseed.eu\/ru\/wp-json\/wp\/v2\/media\/19195"}],"wp:attachment":[{"href":"https:\/\/torseed.eu\/ru\/wp-json\/wp\/v2\/media?parent=30605"}],"wp:term":[{"taxonomy":"product_cat","embeddable":true,"href":"https:\/\/torseed.eu\/ru\/wp-json\/wp\/v2\/product_cat?post=30605"},{"taxonomy":"product_tag","embeddable":true,"href":"https:\/\/torseed.eu\/ru\/wp-json\/wp\/v2\/product_tag?post=30605"}],"curies":[{"name":"wp","href":"https:\/\/api.w.org\/{rel}","templated":true}]}}