{"id":30607,"date":"2022-06-15T06:33:14","date_gmt":"2022-06-15T06:33:14","guid":{"rendered":"https:\/\/refactor-second-attempt.torseed.dev.greenparrot.pl\/produkt\/palma-krolewska-phoenix\/"},"modified":"2023-03-29T18:30:39","modified_gmt":"2023-03-29T18:30:39","slug":"palma-krolewska-phoenix","status":"publish","type":"product","link":"https:\/\/torseed.eu\/ru\/produkt\/palma-krolewska-phoenix\/","title":{"rendered":"Palma kr\u00f3lewska Phoenix"},"content":{"rendered":"<p>Roslina wieloletnia. Przed wysiewem nasiona namoczy\u0107 1-2 dni w letniej wodzie. Kie\u0142kuje oko\u0142o 3 miesi\u0105ce. Ro\u015blina pokojowa.<\/p>","protected":false},"excerpt":{"rendered":"<p>Roslina wieloletnia. Przed wysiewem nasiona namoczy\u0107 1-2 dni w letniej wodzie. Kie\u0142kuje oko\u0142o 3 miesi\u0105ce. Ro\u015blina pokojowa.<\/p>\n","protected":false},"featured_media":19192,"comment_status":"open","ping_status":"open","template":"","meta":{"inline_featured_image":false},"product_cat":[92,90],"product_tag":[],"acf":[],"featured_image":"https:\/\/torseed.eu\/app\/uploads\/2023\/03\/2210.jpg","_links":{"self":[{"href":"https:\/\/torseed.eu\/ru\/wp-json\/wp\/v2\/product\/30607"}],"collection":[{"href":"https:\/\/torseed.eu\/ru\/wp-json\/wp\/v2\/product"}],"about":[{"href":"https:\/\/torseed.eu\/ru\/wp-json\/wp\/v2\/types\/product"}],"replies":[{"embeddable":true,"href":"https:\/\/torseed.eu\/ru\/wp-json\/wp\/v2\/comments?post=30607"}],"version-history":[{"count":0,"href":"https:\/\/torseed.eu\/ru\/wp-json\/wp\/v2\/product\/30607\/revisions"}],"wp:featuredmedia":[{"embeddable":true,"href":"https:\/\/torseed.eu\/ru\/wp-json\/wp\/v2\/media\/19192"}],"wp:attachment":[{"href":"https:\/\/torseed.eu\/ru\/wp-json\/wp\/v2\/media?parent=30607"}],"wp:term":[{"taxonomy":"product_cat","embeddable":true,"href":"https:\/\/torseed.eu\/ru\/wp-json\/wp\/v2\/product_cat?post=30607"},{"taxonomy":"product_tag","embeddable":true,"href":"https:\/\/torseed.eu\/ru\/wp-json\/wp\/v2\/product_tag?post=30607"}],"curies":[{"name":"wp","href":"https:\/\/api.w.org\/{rel}","templated":true}]}}