{"id":30609,"date":"2022-06-15T06:33:07","date_gmt":"2022-06-15T06:33:07","guid":{"rendered":"https:\/\/refactor-second-attempt.torseed.dev.greenparrot.pl\/produkt\/orlik-mieszanka\/"},"modified":"2023-03-29T18:30:41","modified_gmt":"2023-03-29T18:30:41","slug":"orlik-mieszanka","status":"publish","type":"product","link":"https:\/\/torseed.eu\/ru\/produkt\/orlik-mieszanka\/","title":{"rendered":"Orlik mieszanka"},"content":{"rendered":"<p>Bylina o r\u00f3\u017cnobarwnych kwiatach z charakterystyczn\u0105 ostrog\u0105. Wymaga gleby \u017cyznej, dostatecznie wilgotnej. Zastosowanie: na rabaty, na kwiat ci\u0119ty.<\/p>","protected":false},"excerpt":{"rendered":"<p>Bylina o r\u00f3\u017cnobarwnych kwiatach z charakterystyczn\u0105 ostrog\u0105. Wymaga gleby \u017cyznej, dostatecznie wilgotnej. Zastosowanie: na rabaty, na kwiat ci\u0119ty.<\/p>\n","protected":false},"featured_media":19186,"comment_status":"open","ping_status":"open","template":"","meta":{"inline_featured_image":false},"product_cat":[92,90],"product_tag":[],"acf":[],"featured_image":"https:\/\/torseed.eu\/app\/uploads\/2023\/03\/7257.jpg","_links":{"self":[{"href":"https:\/\/torseed.eu\/ru\/wp-json\/wp\/v2\/product\/30609"}],"collection":[{"href":"https:\/\/torseed.eu\/ru\/wp-json\/wp\/v2\/product"}],"about":[{"href":"https:\/\/torseed.eu\/ru\/wp-json\/wp\/v2\/types\/product"}],"replies":[{"embeddable":true,"href":"https:\/\/torseed.eu\/ru\/wp-json\/wp\/v2\/comments?post=30609"}],"version-history":[{"count":0,"href":"https:\/\/torseed.eu\/ru\/wp-json\/wp\/v2\/product\/30609\/revisions"}],"wp:featuredmedia":[{"embeddable":true,"href":"https:\/\/torseed.eu\/ru\/wp-json\/wp\/v2\/media\/19186"}],"wp:attachment":[{"href":"https:\/\/torseed.eu\/ru\/wp-json\/wp\/v2\/media?parent=30609"}],"wp:term":[{"taxonomy":"product_cat","embeddable":true,"href":"https:\/\/torseed.eu\/ru\/wp-json\/wp\/v2\/product_cat?post=30609"},{"taxonomy":"product_tag","embeddable":true,"href":"https:\/\/torseed.eu\/ru\/wp-json\/wp\/v2\/product_tag?post=30609"}],"curies":[{"name":"wp","href":"https:\/\/api.w.org\/{rel}","templated":true}]}}