{"id":30612,"date":"2022-06-15T06:33:04","date_gmt":"2022-06-15T06:33:04","guid":{"rendered":"https:\/\/refactor-second-attempt.torseed.dev.greenparrot.pl\/produkt\/niezapominajka-niebieska\/"},"modified":"2023-03-29T18:30:44","modified_gmt":"2023-03-29T18:30:44","slug":"niezapominajka-niebieska","status":"publish","type":"product","link":"https:\/\/torseed.eu\/ru\/produkt\/niezapominajka-niebieska\/","title":{"rendered":"Niezapominajka niebieska"},"content":{"rendered":"<p>Ro\u015blina dwuletnia o drobnych, delikatnych kwiatach. Wymaga gleby pr\u00f3chnicznej, wilgotnej. Zastosowanie: na rabaty, obw\u00f3dki, do uprawy w doniczkach.<\/p>","protected":false},"excerpt":{"rendered":"<p>Ro\u015blina dwuletnia o drobnych, delikatnych kwiatach. Wymaga gleby pr\u00f3chnicznej, wilgotnej. Zastosowanie: na rabaty, obw\u00f3dki, do uprawy w doniczkach.<\/p>\n","protected":false},"featured_media":29332,"comment_status":"open","ping_status":"closed","template":"","meta":{"inline_featured_image":false},"product_cat":[90,92],"product_tag":[],"acf":[],"featured_image":"https:\/\/torseed.eu\/app\/uploads\/2023\/03\/1193.jpg","_links":{"self":[{"href":"https:\/\/torseed.eu\/ru\/wp-json\/wp\/v2\/product\/30612"}],"collection":[{"href":"https:\/\/torseed.eu\/ru\/wp-json\/wp\/v2\/product"}],"about":[{"href":"https:\/\/torseed.eu\/ru\/wp-json\/wp\/v2\/types\/product"}],"replies":[{"embeddable":true,"href":"https:\/\/torseed.eu\/ru\/wp-json\/wp\/v2\/comments?post=30612"}],"version-history":[{"count":0,"href":"https:\/\/torseed.eu\/ru\/wp-json\/wp\/v2\/product\/30612\/revisions"}],"wp:featuredmedia":[{"embeddable":true,"href":"https:\/\/torseed.eu\/ru\/wp-json\/wp\/v2\/media\/29332"}],"wp:attachment":[{"href":"https:\/\/torseed.eu\/ru\/wp-json\/wp\/v2\/media?parent=30612"}],"wp:term":[{"taxonomy":"product_cat","embeddable":true,"href":"https:\/\/torseed.eu\/ru\/wp-json\/wp\/v2\/product_cat?post=30612"},{"taxonomy":"product_tag","embeddable":true,"href":"https:\/\/torseed.eu\/ru\/wp-json\/wp\/v2\/product_tag?post=30612"}],"curies":[{"name":"wp","href":"https:\/\/api.w.org\/{rel}","templated":true}]}}