{"id":30614,"date":"2022-06-15T06:33:03","date_gmt":"2022-06-15T06:33:03","guid":{"rendered":"https:\/\/refactor-second-attempt.torseed.dev.greenparrot.pl\/produkt\/niezapominajka-biala\/"},"modified":"2023-03-29T18:30:46","modified_gmt":"2023-03-29T18:30:46","slug":"niezapominajka-biala","status":"publish","type":"product","link":"https:\/\/torseed.eu\/ru\/produkt\/niezapominajka-biala\/","title":{"rendered":"Niezapominajka bia\u0142a"},"content":{"rendered":"<p>Ro\u015blina dwuletnia o drobnych delikatnych kwiatach. Wymaga gleby pr\u00f3chnicznej, wilgotnej. Zastosowanie: na rabaty, obw\u00f3dki, do uprawy w doniczkach.<\/p>","protected":false},"excerpt":{"rendered":"<p>Ro\u015blina dwuletnia o drobnych delikatnych kwiatach. Wymaga gleby pr\u00f3chnicznej, wilgotnej. Zastosowanie: na rabaty, obw\u00f3dki, do uprawy w doniczkach.<\/p>\n","protected":false},"featured_media":19174,"comment_status":"open","ping_status":"open","template":"","meta":{"inline_featured_image":false},"product_cat":[90,92],"product_tag":[],"acf":[],"featured_image":"https:\/\/torseed.eu\/app\/uploads\/2023\/03\/1192.jpg","_links":{"self":[{"href":"https:\/\/torseed.eu\/ru\/wp-json\/wp\/v2\/product\/30614"}],"collection":[{"href":"https:\/\/torseed.eu\/ru\/wp-json\/wp\/v2\/product"}],"about":[{"href":"https:\/\/torseed.eu\/ru\/wp-json\/wp\/v2\/types\/product"}],"replies":[{"embeddable":true,"href":"https:\/\/torseed.eu\/ru\/wp-json\/wp\/v2\/comments?post=30614"}],"version-history":[{"count":0,"href":"https:\/\/torseed.eu\/ru\/wp-json\/wp\/v2\/product\/30614\/revisions"}],"wp:featuredmedia":[{"embeddable":true,"href":"https:\/\/torseed.eu\/ru\/wp-json\/wp\/v2\/media\/19174"}],"wp:attachment":[{"href":"https:\/\/torseed.eu\/ru\/wp-json\/wp\/v2\/media?parent=30614"}],"wp:term":[{"taxonomy":"product_cat","embeddable":true,"href":"https:\/\/torseed.eu\/ru\/wp-json\/wp\/v2\/product_cat?post=30614"},{"taxonomy":"product_tag","embeddable":true,"href":"https:\/\/torseed.eu\/ru\/wp-json\/wp\/v2\/product_tag?post=30614"}],"curies":[{"name":"wp","href":"https:\/\/api.w.org\/{rel}","templated":true}]}}