{"id":30615,"date":"2022-06-15T06:33:02","date_gmt":"2022-06-15T06:33:02","guid":{"rendered":"https:\/\/refactor-second-attempt.torseed.dev.greenparrot.pl\/produkt\/nachylek-wielkokwiatowy-zlotozolty\/"},"modified":"2023-03-29T18:30:47","modified_gmt":"2023-03-29T18:30:47","slug":"nachylek-wielkokwiatowy-zlotozolty","status":"publish","type":"product","link":"https:\/\/torseed.eu\/ru\/produkt\/nachylek-wielkokwiatowy-zlotozolty\/","title":{"rendered":"Nachy\u0142ek wielkokwiatowy z\u0142oto\u017c\u00f3\u0142ty"},"content":{"rendered":"<p>Bylina o z\u0142oto\u017c\u00f3\u0142tych, pojedynczych i p\u00f3\u0142pe\u0142nych kwiatach. Wymaga gleby lekkiej, \u015brednio \u017cyznej. Zastosowanie: na rabaty, obw\u00f3dki i na kwiat ci\u0119ty.<\/p>","protected":false},"excerpt":{"rendered":"<p>Bylina o z\u0142oto\u017c\u00f3\u0142tych, pojedynczych i p\u00f3\u0142pe\u0142nych kwiatach. Wymaga gleby lekkiej, \u015brednio \u017cyznej. Zastosowanie: na rabaty, obw\u00f3dki i na kwiat ci\u0119ty.<\/p>\n","protected":false},"featured_media":19168,"comment_status":"open","ping_status":"open","template":"","meta":{"inline_featured_image":false},"product_cat":[90,92],"product_tag":[],"acf":[],"featured_image":"https:\/\/torseed.eu\/app\/uploads\/2023\/03\/1186.jpg","_links":{"self":[{"href":"https:\/\/torseed.eu\/ru\/wp-json\/wp\/v2\/product\/30615"}],"collection":[{"href":"https:\/\/torseed.eu\/ru\/wp-json\/wp\/v2\/product"}],"about":[{"href":"https:\/\/torseed.eu\/ru\/wp-json\/wp\/v2\/types\/product"}],"replies":[{"embeddable":true,"href":"https:\/\/torseed.eu\/ru\/wp-json\/wp\/v2\/comments?post=30615"}],"version-history":[{"count":0,"href":"https:\/\/torseed.eu\/ru\/wp-json\/wp\/v2\/product\/30615\/revisions"}],"wp:featuredmedia":[{"embeddable":true,"href":"https:\/\/torseed.eu\/ru\/wp-json\/wp\/v2\/media\/19168"}],"wp:attachment":[{"href":"https:\/\/torseed.eu\/ru\/wp-json\/wp\/v2\/media?parent=30615"}],"wp:term":[{"taxonomy":"product_cat","embeddable":true,"href":"https:\/\/torseed.eu\/ru\/wp-json\/wp\/v2\/product_cat?post=30615"},{"taxonomy":"product_tag","embeddable":true,"href":"https:\/\/torseed.eu\/ru\/wp-json\/wp\/v2\/product_tag?post=30615"}],"curies":[{"name":"wp","href":"https:\/\/api.w.org\/{rel}","templated":true}]}}