{"id":30618,"date":"2022-06-15T06:32:55","date_gmt":"2022-06-15T06:32:55","guid":{"rendered":"https:\/\/refactor-second-attempt.torseed.dev.greenparrot.pl\/produkt\/mieszanka-dla-pszczol\/"},"modified":"2023-03-29T18:30:49","modified_gmt":"2023-03-29T18:30:49","slug":"mieszanka-dla-pszczol","status":"publish","type":"product","link":"https:\/\/torseed.eu\/ru\/produkt\/mieszanka-dla-pszczol\/","title":{"rendered":"Mieszanka dla pszcz\u00f3\u0142"},"content":{"rendered":"<p>Wielogatunkowa mieszanka ro\u015blin wabi\u0105cych pszczo\u0142y, trzmiele oraz inne gatunki owad\u00f3w zapylaj\u0105cych. W jej sk\u0142ad wchodz\u0105 zar\u00f3wno jednoroczne jak i wieloletnie, miododajne gatunki ro\u015blin kwiatowych, rolnych oraz zielarskich o wysokiej warto\u015bci pszczelarskiej. Mieszanka ta charakteryzuje si\u0119 szerok\u0105 gam\u0105 barw i zapach\u00f3w oraz d\u0142ugim okresem kwitnienia. Wysiewa\u0107 w kwietniu \u2013 maju wprost do gruntu na naturalistycznych rabatach, nieu\u017cytkach oraz przydro\u017cach, w miejscach nas\u0142onecznionych.<\/p>","protected":false},"excerpt":{"rendered":"<p>Wielogatunkowa mieszanka ro\u015blin wabi\u0105cych pszczo\u0142y, trzmiele oraz inne gatunki owad\u00f3w zapylaj\u0105cych. W jej sk\u0142ad wchodz\u0105 zar\u00f3wno jednoroczne jak i wieloletnie, miododajne gatunki ro\u015blin kwiatowych, rolnych oraz zielarskich o wysokiej warto\u015bci pszczelarskiej. Mieszanka ta charakteryzuje si\u0119 szerok\u0105 gam\u0105 barw i zapach\u00f3w oraz d\u0142ugim okresem kwitnienia. Wysiewa\u0107 w kwietniu \u2013 maju wprost do gruntu na naturalistycznych rabatach, [&hellip;]<\/p>\n","protected":false},"featured_media":29302,"comment_status":"open","ping_status":"closed","template":"","meta":{"inline_featured_image":false},"product_cat":[90,92,98],"product_tag":[],"acf":[],"featured_image":"https:\/\/torseed.eu\/app\/uploads\/2023\/03\/9122.jpg","_links":{"self":[{"href":"https:\/\/torseed.eu\/ru\/wp-json\/wp\/v2\/product\/30618"}],"collection":[{"href":"https:\/\/torseed.eu\/ru\/wp-json\/wp\/v2\/product"}],"about":[{"href":"https:\/\/torseed.eu\/ru\/wp-json\/wp\/v2\/types\/product"}],"replies":[{"embeddable":true,"href":"https:\/\/torseed.eu\/ru\/wp-json\/wp\/v2\/comments?post=30618"}],"version-history":[{"count":0,"href":"https:\/\/torseed.eu\/ru\/wp-json\/wp\/v2\/product\/30618\/revisions"}],"wp:featuredmedia":[{"embeddable":true,"href":"https:\/\/torseed.eu\/ru\/wp-json\/wp\/v2\/media\/29302"}],"wp:attachment":[{"href":"https:\/\/torseed.eu\/ru\/wp-json\/wp\/v2\/media?parent=30618"}],"wp:term":[{"taxonomy":"product_cat","embeddable":true,"href":"https:\/\/torseed.eu\/ru\/wp-json\/wp\/v2\/product_cat?post=30618"},{"taxonomy":"product_tag","embeddable":true,"href":"https:\/\/torseed.eu\/ru\/wp-json\/wp\/v2\/product_tag?post=30618"}],"curies":[{"name":"wp","href":"https:\/\/api.w.org\/{rel}","templated":true}]}}