{"id":30619,"date":"2022-06-15T06:32:54","date_gmt":"2022-06-15T06:32:54","guid":{"rendered":"https:\/\/refactor-second-attempt.torseed.dev.greenparrot.pl\/produkt\/mieszanka-kwiatow-lakowych\/"},"modified":"2023-03-29T18:30:50","modified_gmt":"2023-03-29T18:30:50","slug":"mieszanka-kwiatow-lakowych","status":"publish","type":"product","link":"https:\/\/torseed.eu\/ru\/produkt\/mieszanka-kwiatow-lakowych\/","title":{"rendered":"Mieszanka kwiat\u00f3w \u0142\u0105kowych"},"content":{"rendered":"<p>Mieszanka kwiat\u00f3w jednorocznych, dwuletnich i bylin, a tak\u017ce zi\u00f3\u0142 i ro\u015blin miododajnych.  Ciekawa mieszanka, zr\u00f3\u017cnicowana kolorystycznie charakteryzuj\u0105ca si\u0119 d\u0142ugim okresem kwitnienia ju\u017c od pierwszego roku po wysiewie.<\/p>","protected":false},"excerpt":{"rendered":"<p>Mieszanka kwiat\u00f3w jednorocznych, dwuletnich i bylin, a tak\u017ce zi\u00f3\u0142 i ro\u015blin miododajnych. Ciekawa mieszanka, zr\u00f3\u017cnicowana kolorystycznie charakteryzuj\u0105ca si\u0119 d\u0142ugim okresem kwitnienia ju\u017c od pierwszego roku po wysiewie.<\/p>\n","protected":false},"featured_media":19156,"comment_status":"open","ping_status":"open","template":"","meta":{"inline_featured_image":false},"product_cat":[90,92,98],"product_tag":[],"acf":[],"featured_image":"https:\/\/torseed.eu\/app\/uploads\/2023\/03\/9560.jpg","_links":{"self":[{"href":"https:\/\/torseed.eu\/ru\/wp-json\/wp\/v2\/product\/30619"}],"collection":[{"href":"https:\/\/torseed.eu\/ru\/wp-json\/wp\/v2\/product"}],"about":[{"href":"https:\/\/torseed.eu\/ru\/wp-json\/wp\/v2\/types\/product"}],"replies":[{"embeddable":true,"href":"https:\/\/torseed.eu\/ru\/wp-json\/wp\/v2\/comments?post=30619"}],"version-history":[{"count":0,"href":"https:\/\/torseed.eu\/ru\/wp-json\/wp\/v2\/product\/30619\/revisions"}],"wp:featuredmedia":[{"embeddable":true,"href":"https:\/\/torseed.eu\/ru\/wp-json\/wp\/v2\/media\/19156"}],"wp:attachment":[{"href":"https:\/\/torseed.eu\/ru\/wp-json\/wp\/v2\/media?parent=30619"}],"wp:term":[{"taxonomy":"product_cat","embeddable":true,"href":"https:\/\/torseed.eu\/ru\/wp-json\/wp\/v2\/product_cat?post=30619"},{"taxonomy":"product_tag","embeddable":true,"href":"https:\/\/torseed.eu\/ru\/wp-json\/wp\/v2\/product_tag?post=30619"}],"curies":[{"name":"wp","href":"https:\/\/api.w.org\/{rel}","templated":true}]}}