{"id":30620,"date":"2022-06-15T06:32:53","date_gmt":"2022-06-15T06:32:53","guid":{"rendered":"https:\/\/refactor-second-attempt.torseed.dev.greenparrot.pl\/produkt\/mieszanka-kwiatow-wabiacych-motyle\/"},"modified":"2023-03-29T18:30:51","modified_gmt":"2023-03-29T18:30:51","slug":"mieszanka-kwiatow-wabiacych-motyle","status":"publish","type":"product","link":"https:\/\/torseed.eu\/ru\/produkt\/mieszanka-kwiatow-wabiacych-motyle\/","title":{"rendered":"Mieszanka kwiat\u00f3w wabi\u0105cych motyle"},"content":{"rendered":"<p>Specjalna miesznka kwiat\u00f3w jednorocznych, dwuletnich i bylin cz\u0119sto odwiedzanych przez motyle. Nasiona wysiewa\u0107 rzutowo na pasach rabatowych, przy ogrodzeniach i parkanach. Ro\u015bliny te preferuj\u0105 s\u0142oneczne stanowisko oraz gleb\u0105 pr\u00f3chniczn\u0105 i przepuszczaln\u0105.<\/p>","protected":false},"excerpt":{"rendered":"<p>Specjalna miesznka kwiat\u00f3w jednorocznych, dwuletnich i bylin cz\u0119sto odwiedzanych przez motyle. Nasiona wysiewa\u0107 rzutowo na pasach rabatowych, przy ogrodzeniach i parkanach. Ro\u015bliny te preferuj\u0105 s\u0142oneczne stanowisko oraz gleb\u0105 pr\u00f3chniczn\u0105 i przepuszczaln\u0105.<\/p>\n","protected":false},"featured_media":19153,"comment_status":"open","ping_status":"open","template":"","meta":{"inline_featured_image":false},"product_cat":[90,92,98],"product_tag":[],"acf":[],"featured_image":"https:\/\/torseed.eu\/app\/uploads\/2023\/03\/9093.jpg","_links":{"self":[{"href":"https:\/\/torseed.eu\/ru\/wp-json\/wp\/v2\/product\/30620"}],"collection":[{"href":"https:\/\/torseed.eu\/ru\/wp-json\/wp\/v2\/product"}],"about":[{"href":"https:\/\/torseed.eu\/ru\/wp-json\/wp\/v2\/types\/product"}],"replies":[{"embeddable":true,"href":"https:\/\/torseed.eu\/ru\/wp-json\/wp\/v2\/comments?post=30620"}],"version-history":[{"count":0,"href":"https:\/\/torseed.eu\/ru\/wp-json\/wp\/v2\/product\/30620\/revisions"}],"wp:featuredmedia":[{"embeddable":true,"href":"https:\/\/torseed.eu\/ru\/wp-json\/wp\/v2\/media\/19153"}],"wp:attachment":[{"href":"https:\/\/torseed.eu\/ru\/wp-json\/wp\/v2\/media?parent=30620"}],"wp:term":[{"taxonomy":"product_cat","embeddable":true,"href":"https:\/\/torseed.eu\/ru\/wp-json\/wp\/v2\/product_cat?post=30620"},{"taxonomy":"product_tag","embeddable":true,"href":"https:\/\/torseed.eu\/ru\/wp-json\/wp\/v2\/product_tag?post=30620"}],"curies":[{"name":"wp","href":"https:\/\/api.w.org\/{rel}","templated":true}]}}